{"id":407,"date":"2017-09-05T09:53:22","date_gmt":"2017-09-05T07:53:22","guid":{"rendered":"https:\/\/www.interglobalshipping.de\/?page_id=407"},"modified":"2019-10-24T07:50:39","modified_gmt":"2019-10-24T05:50:39","slug":"ueber-fwn","status":"publish","type":"page","link":"https:\/\/www.interglobalshipping.de\/de\/ueber-fwn\/","title":{"rendered":"\u00dcber FWN"},"content":{"rendered":"<div class=\"wpb-content-wrapper\"><p>[vc_row][vc_column][vc_column_text]<\/p>\n<h1>Unternehmensprofil<\/h1>\n<p>Gegr\u00fcndet und registriert wurde die <a href=\"http:\/\/neukirch.de\"><strong>F.W. Neukirch (GmbH &amp; Co.) KG<\/strong><\/a> im Jahr 1805.<\/p>\n<p>Das Management verf\u00fcgt \u00fcber mehr als 200 Jahre Erfahrung im internationalen Transportbusiness und Frachtverschiffungen.<\/p>\n<p>F.W. Neukirch (GmbH &amp; Co.) KG ist seit vielen Jahren spezialisiert auf Transporte von Fahrzeugen, Automobilen, Motorr\u00e4dern, Lkws und Anh\u00e4ngern, Traktoren, Bussen, Mobilhomes, Booten und allen anderen rollbaren Frachtbriefen von und aus allen Destinationen weltweit mit Luft-und Seefracht. Dabei wird die <strong>F.W. Neukirch (GmbH &amp; Co.) KG<\/strong> unterst\u00fctzt durch ein weltweites Netzwerk von unabh\u00e4ngigen und professionellen Agenten von Unternehmern, H\u00e4ndler, Sammler und Privatpersonen.[\/vc_column_text][\/vc_column][\/vc_row][vc_row][vc_column width=&#8220;1\/2&#8243;][vc_column_text]<strong>F.W. Neukirch GmbH &amp; Co. KG bietet \u00fcberragenden Service f\u00fcr:<\/strong><\/p>\n<ul>\n<li>Automobil-Logistik<\/li>\n<li>Ro\/Ro Verschiffungen<\/li>\n<li>Logistik f\u00fcr den mittleren Osten<\/li>\n<li>Trans-Atlantik Logistik<\/li>\n<li>Internationale Frachten<\/li>\n<li>NVOCC Services<\/li>\n<li>Custom Brokerage<\/li>\n<li>Warehousing &amp; Distribution<\/li>\n<\/ul>\n<p>[\/vc_column_text][\/vc_column][vc_column width=&#8220;1\/2&#8243;][vc_column_text]<strong>Wir sind Mitglied in folgenden Vereinigungen:<\/strong><\/p>\n<ul>\n<li>Handelskammer Bremen<\/li>\n<li>Verein Bremer Spediteure e.V<\/li>\n<li>International Association of Movers (IAM)<\/li>\n<li>Security Cargo Network, Denver, USA<\/li>\n<li>Transcontainer-Universal, Bremen, Deutschland<\/li>\n<li>WCA-Advanced Professional<\/li>\n<\/ul>\n<p>[\/vc_column_text][\/vc_column][\/vc_row][vc_row bg_type=&#8220;bg_color&#8220; bg_override=&#8220;ex-full&#8220; type=&#8220;vc_default&#8220; css=&#8220;.vc_custom_1498212491956{padding-top: 60px !important;padding-bottom: 70px !important;}&#8220; bg_color_value=&#8220;#f5f5f5&#8243;][vc_column]<div id=\"ultimate-heading-780669eb9fe3dd962\" class=\"uvc-heading ult-adjust-bottom-margin ultimate-heading-780669eb9fe3dd962 uvc-75 color-title accent-title-color\" data-hspacer=\"no_spacer\"  data-halign=\"center\" style=\"text-align:center\"><div class=\"uvc-heading-spacer no_spacer\" style=\"top\"><\/div><div class=\"uvc-main-heading ult-responsive\"  data-ultimate-target='.uvc-heading.ultimate-heading-780669eb9fe3dd962 h2'  data-responsive-json-new='{\"font-size\":\"desktop:40px;tablet_portrait:20px;\",\"line-height\":\"desktop:46px;tablet_portrait:26px;\"}' ><h2 style=\"font-family:&#039;Open Sans Condensed&#039;;font-weight:700;margin-bottom:10px;\">Kontaktieren Sie F.W. Neukirch (GmbH &amp; Co.) KG<\/h2><\/div><div class=\"uvc-sub-heading ult-responsive\"  data-ultimate-target='.uvc-heading.ultimate-heading-780669eb9fe3dd962 .uvc-sub-heading '  data-responsive-json-new='{\"font-size\":\"desktop:20px;tablet_portrait:16px;\",\"line-height\":\"desktop:26px;tablet_portrait:20px;\"}'  style=\"font-family:&#039;Open Sans Condensed&#039;;font-weight:700;\">mit Ihren Logistikbed\u00fcrfnissen und lassen Sie uns die branchenweit modernste Technologie, \u00fcberlegene Service- und Qualit\u00e4tsl\u00f6sungen anbieten.<\/div><\/div><style type=\"text\/css\" data-type=\"the7_shortcodes-inline-css\">#default-btn-4bf4e15576e7668ecf20f7f723ecb6d7 {\n  border-radius: 0px;\n  font-size: 24px;\n  line-height: 26px;\n}\n.btn-shadow#default-btn-4bf4e15576e7668ecf20f7f723ecb6d7 {\n  box-shadow: 0 1px 6px rgba(0,0,0,0.12);\n  transition: box-shadow 0.2s ease-out, opacity 0.45s;\n}\n.btn-shadow#default-btn-4bf4e15576e7668ecf20f7f723ecb6d7:hover {\n  box-shadow: 0 5px 11px 0 rgba(0,0,0,0.18), 0 4px 15px 0 rgba(0,0,0,0.15);\n}\n.btn-3d#default-btn-4bf4e15576e7668ecf20f7f723ecb6d7:hover {\n  box-shadow: 0px 2px 0px 0px rgba(0,0,0,0.65);\n}\n.btn-flat#default-btn-4bf4e15576e7668ecf20f7f723ecb6d7 {\n  box-shadow: none;\n}\n.btn-flat#default-btn-4bf4e15576e7668ecf20f7f723ecb6d7:hover {\n  box-shadow: none;\n}\n#default-btn-4bf4e15576e7668ecf20f7f723ecb6d7.ico-right-side > i {\n  margin-right: 0px;\n  margin-left: 8px;\n}\n#default-btn-4bf4e15576e7668ecf20f7f723ecb6d7 > i {\n  margin-right: 8px;\n  font-size: 24px;\n}\n#default-btn-4bf4e15576e7668ecf20f7f723ecb6d7:not(:hover) {\n  border-width: 0px;\n  padding: 20px 24px 20px 24px;\n}\n#default-btn-4bf4e15576e7668ecf20f7f723ecb6d7:hover {\n  border-width: 0px;\n  background: rgba(0,0,0,0.65) !important;\n  padding: 20px 24px 20px 24px;\n}\n#default-btn-4bf4e15576e7668ecf20f7f723ecb6d7.ico-right-side > i {\n  margin-right: 0px;\n  margin-left: 8px;\n}\n#default-btn-4bf4e15576e7668ecf20f7f723ecb6d7 > i {\n  margin-right: 8px;\n}<\/style><div class=\"btn-align-center\"><a href=\"https:\/\/www.interglobalshipping.de\/de\/kontakt\/\" class=\"default-btn-shortcode dt-btn link-hover-off btn-flat  vc_custom_1553747637427\" id=\"default-btn-4bf4e15576e7668ecf20f7f723ecb6d7\" style=\"width:400px;\" title=\"Kontaktanfrage\"><span>KONTAKT<\/span><\/a><\/div>[\/vc_column][\/vc_row]<\/p>\n<\/div>","protected":false},"excerpt":{"rendered":"<p>[vc_row][vc_column][vc_column_text] Unternehmensprofil Gegr\u00fcndet und registriert wurde die F.W. Neukirch (GmbH &amp; Co.) KG im Jahr 1805. Das Management verf\u00fcgt \u00fcber mehr als 200 Jahre Erfahrung im internationalen Transportbusiness und Frachtverschiffungen. F.W. Neukirch (GmbH &amp; Co.) KG ist seit vielen Jahren spezialisiert auf Transporte von Fahrzeugen, Automobilen, Motorr\u00e4dern, Lkws und Anh\u00e4ngern, Traktoren, Bussen, Mobilhomes, Booten und&hellip;<\/p>\n","protected":false},"author":2,"featured_media":0,"parent":0,"menu_order":0,"comment_status":"closed","ping_status":"closed","template":"","meta":{"footnotes":""},"class_list":["post-407","page","type-page","status-publish","hentry","description-off"],"aioseo_notices":[],"_links":{"self":[{"href":"https:\/\/www.interglobalshipping.de\/de\/wp-json\/wp\/v2\/pages\/407","targetHints":{"allow":["GET"]}}],"collection":[{"href":"https:\/\/www.interglobalshipping.de\/de\/wp-json\/wp\/v2\/pages"}],"about":[{"href":"https:\/\/www.interglobalshipping.de\/de\/wp-json\/wp\/v2\/types\/page"}],"author":[{"embeddable":true,"href":"https:\/\/www.interglobalshipping.de\/de\/wp-json\/wp\/v2\/users\/2"}],"replies":[{"embeddable":true,"href":"https:\/\/www.interglobalshipping.de\/de\/wp-json\/wp\/v2\/comments?post=407"}],"version-history":[{"count":13,"href":"https:\/\/www.interglobalshipping.de\/de\/wp-json\/wp\/v2\/pages\/407\/revisions"}],"predecessor-version":[{"id":997,"href":"https:\/\/www.interglobalshipping.de\/de\/wp-json\/wp\/v2\/pages\/407\/revisions\/997"}],"wp:attachment":[{"href":"https:\/\/www.interglobalshipping.de\/de\/wp-json\/wp\/v2\/media?parent=407"}],"curies":[{"name":"wp","href":"https:\/\/api.w.org\/{rel}","templated":true}]}}