{"id":411,"date":"2017-09-05T10:11:34","date_gmt":"2017-09-05T08:11:34","guid":{"rendered":"https:\/\/www.interglobalshipping.de\/?page_id=411"},"modified":"2019-10-24T07:50:39","modified_gmt":"2019-10-24T05:50:39","slug":"vision","status":"publish","type":"page","link":"https:\/\/www.interglobalshipping.de\/de\/ueber-fwn\/vision\/","title":{"rendered":"Vision"},"content":{"rendered":"<div class=\"wpb-content-wrapper\"><p>[vc_row equal_height=&#8220;yes&#8220; content_placement=&#8220;middle&#8220; type=&#8220;vc_default&#8220; css=&#8220;.vc_custom_1503989200722{padding-top: 70px !important;padding-bottom: 50px !important;}&#8220;][vc_column width=&#8220;2\/3&#8243; css=&#8220;.vc_custom_1498809487981{padding-bottom: 20px !important;}&#8220; offset=&#8220;vc_col-lg-offset-0 vc_col-lg-6 vc_col-md-offset-0 vc_col-md-5 vc_col-sm-offset-2&#8243;]<div class=\"info-wrapper ult-adjust-bottom-margin\"><div id=\"info-circle-wrapper-69e0edbc44765\" data-uniqid=\"69e0edbc44765\" class=\"info-circle-wrapper  info-circle-responsive \" data-half-percentage=\"70\" data-circle-type=\"full-circle\"><div class=\"info-c-full-br\" style='border:5px solid #f2f2f2;width:100%;opacity:0;' data-start-degree=\"90\" data-divert=\"\" data-info-circle-angle=\"full\" data-responsive-circle=\"on\" data-responsive-breakpoint=\"400\" data-launch=\"linear\" data-launch-duration=\"0.6\" data-launch-delay=\"0.2\" data-slide-true=\"on\" data-slide-duration=\"5\" data-icon-size=\"24\" data-icon-show=\"show\" data-icon-show-size=\"32\" data-highlight-style=\"info-circle-pop\" data-focus-on=\"hover\"><div  class=\"icon-circle-list\"><div class=\"info-circle-icons \" style=\"background:#dd3333;color:#ffffff;\" ><i class=\"Defaults-globe info-circle-icon\" ><\/i><\/div><div class=\"info-details\" data-icon-class=\"ult-info-circle-icon\"><div class=\"info-circle-def\"><div  class=\"info-circle-sub-def\"><i class=\"Defaults-globe info-circle-icon\" ><\/i><div class=\"responsive-font-class ult-responsive\" ><h3  data-ultimate-target='#info-cirlce-wrap-7874 .responsive-font-class h3.new-cust-responsive-class'  data-responsive-json-new='{\"font-size\":\"desktop:20px;\",\"line-height\":\"desktop:30px;\"}'  class=\"info-circle-heading ult-responsive new-cust-responsive-class\" style=\"font-weight:bold;\">Ein Team<\/h3><div  class=\"info-circle-text \" style=\"font-weight:normal;\">Weltweit<\/div><\/div><\/div><\/div><\/div><div class=\"info-circle-icons \" style=\"background:#dd3333;color:#ffffff;\" ><i class=\"Defaults-thumbs-o-up info-circle-icon\" ><\/i><\/div><div class=\"info-details\" data-icon-class=\"ult-info-circle-icon\"><div class=\"info-circle-def\"><div  class=\"info-circle-sub-def\"><i class=\"Defaults-thumbs-o-up info-circle-icon\" ><\/i><div class=\"responsive-font-class ult-responsive\" ><h3  data-ultimate-target='#info-cirlce-wrap-7874 .responsive-font-class h3.new-cust-responsive-class'  data-responsive-json-new='{\"font-size\":\"desktop:20px;\",\"line-height\":\"desktop:30px;\"}'  class=\"info-circle-heading ult-responsive new-cust-responsive-class\" style=\"font-weight:bold;\">Ein Zweck<\/h3><div  class=\"info-circle-text \" style=\"font-weight:normal;\">Qualit\u00e4t<\/div><\/div><\/div><\/div><\/div><div class=\"info-circle-icons \" style=\"background:#dd3333;color:#ffffff;\" ><i class=\"Defaults-check info-circle-icon\" ><\/i><\/div><div class=\"info-details\" data-icon-class=\"ult-info-circle-icon\"><div class=\"info-circle-def\"><div  class=\"info-circle-sub-def\"><i class=\"Defaults-check info-circle-icon\" ><\/i><div class=\"responsive-font-class ult-responsive\" ><h3  data-ultimate-target='#info-cirlce-wrap-7874 .responsive-font-class h3.new-cust-responsive-class'  data-responsive-json-new='{\"font-size\":\"desktop:20px;\",\"line-height\":\"desktop:30px;\"}'  class=\"info-circle-heading ult-responsive new-cust-responsive-class\" style=\"font-weight:bold;\">Ein Ergebnis<\/h3><div  class=\"info-circle-text \" style=\"font-weight:normal;\">Vertrauen<\/div><\/div><\/div><\/div><\/div><\/div><div id=\"info-cirlce-wrap-7874\" class=\"info-c-full\" style=\"border:1px solid #f2f2f2;background-color:#f2f2f2;color:#1f365c;width:80%;height:80%;margin:10%;\"><div class=\"info-c-full-wrap\"><\/div><\/div><\/div><div class=\"smile_icon_list_wrap \" data-content_bg=\"#f2f2f2\" data-content_color=\"#1f365c\">\n\t\t\t\t\t\t\t<ul id=\"info-cirlce-wrap-7874\" class=\"smile_icon_list left circle with_bg\"><li class=\"icon_list_item\" style=\"font-size:72px;\">\n\t\t\t\t\t\t\t\t\t<div class=\"icon_list_icon\" style=\"font-size:24px;width:24px;height:24px;line-height:1;\">\n\t\t\t\t\t\t\t\t\t\t<i class=\"smt-pencil\"><\/i>\n\t\t\t\t\t\t\t\t\t<\/div>\n\t\t\t\t\t\t\t\t\t<div  class=\"icon_description\" style=\"font-size:24px;\">\n\t\t\t\t\t\t\t\t\t\t<div class=\"responsive-font-class ult-responsive\"  data-ultimate-target='#info-cirlce-wrap-7874 .responsive-font-class *'  data-responsive-json-new='{\"font-size\":\"desktop:14px;\",\"line-height\":\"desktop:24px;\"}'  style=\"font-weight:normal;\">\n\t\t\t\t\t\t\t\t\t\t\t<h3  data-ultimate-target='#info-cirlce-wrap-7874 .responsive-font-class h3.new-cust-responsive-class'  data-responsive-json-new='{\"font-size\":\"desktop:20px;\",\"line-height\":\"desktop:30px;\"}'  class=\"ult-responsive new-cust-responsive-class\" style=\"font-weight:bold;\"><\/h3>\n\t\t\t\t\t\t\t\t\t\t\t<p><\/p>\n\t\t\t\t\t\t\t\t\t\t<\/div>\n\t\t\t\t\t\t\t\t\t<\/div>\n\t\t\t\t\t\t\t\t\t<div class=\"icon_list_connector\" style=\" border-style:solid;border-color:#f2f2f2; left:12px; top:24px;\">\n\t\t\t\t\t\t\t\t\t<\/div><\/li><\/ul>\n\t\t\t\t\t\t<\/div><\/div><\/div>[\/vc_column][vc_column offset=&#8220;vc_col-lg-6 vc_col-md-7&#8243; css=&#8220;.vc_custom_1498809515781{padding-bottom: 30px !important;}&#8220;]<div id=\"ultimate-heading-571069e0edbc4492c\" class=\"uvc-heading ult-adjust-bottom-margin ultimate-heading-571069e0edbc4492c uvc-4920 \" data-hspacer=\"no_spacer\"  data-halign=\"center\" style=\"text-align:center\"><div class=\"uvc-heading-spacer no_spacer\" style=\"top\"><\/div><div class=\"uvc-main-heading ult-responsive\"  data-ultimate-target='.uvc-heading.ultimate-heading-571069e0edbc4492c h2'  data-responsive-json-new='{\"font-size\":\"desktop:26px;\",\"line-height\":\"desktop:32px;\"}' ><h2 style=\"font-weight:bold;margin-bottom:30px;\">Unser Ziel ist es, kosteng\u00fcnstigen und zuverl\u00e4ssigen Service in der ganzen Welt zu bieten.<\/h2><\/div><\/div>[\/vc_column][\/vc_row][vc_row type=&#8220;vc_default&#8220; margin_top=&#8220;60&#8243; margin_bottom=&#8220;-40&#8243;][vc_column css=&#8220;.vc_custom_1504599040825{padding-bottom: 40px !important;}&#8220;]<div id=\"ultimate-heading-733169e0edbc44983\" class=\"uvc-heading ult-adjust-bottom-margin ultimate-heading-733169e0edbc44983 uvc-3195 accent-border-color\" data-hspacer=\"line_only\"  data-halign=\"left\" style=\"text-align:left\"><div class=\"uvc-main-heading ult-responsive\"  data-ultimate-target='.uvc-heading.ultimate-heading-733169e0edbc44983 h3'  data-responsive-json-new='{\"font-size\":\"desktop:40px;\",\"line-height\":\"desktop:46px;\"}' ><h3 style=\"font-weight:bold;margin-bottom:15px;\">Werte<\/h3><\/div><div class=\"uvc-heading-spacer line_only\" style=\"margin-bottom:20px;height:5px;\"><span class=\"uvc-headings-line\" style=\"border-style:solid;border-bottom-width:5px;border-color:;width:40px;\"><\/span><\/div><\/div>[vc_column_text]Bei F.W. Neukirch (GmbH &amp; Co.) KG arbeiten wir im Team und erkennen individuelle Leistungen an. Wir bewegen uns schnell, um p\u00fcnktlich zu liefern, ohne dabei die Sicherheit oder die Umwelt zu opfern. Wir kommunizieren offen \u00fcber Fragen und konzentrieren unsere Energie auf L\u00f6sungen. Wir k\u00fcmmern uns um <strong>Kosteneffizienz<\/strong>, keine Kostenbeseitigung. Wir investieren in die Zukunft und lernen aus der Vergangenheit. Wir handeln mit Integrit\u00e4t und ehren unsere Verpflichtungen. Wir h\u00f6ren unseren Kunden <strong>zu<\/strong>. <strong>ihre Interessen kommen zuerst.<\/strong><\/p>\n<p>F.W. Neukirch (GmbH &amp; Co.) KG h\u00e4lt fest an der Philosophie, dass jeder Kunde Anspruch auf <strong>\u00fcberlegenen Service<\/strong> hat. Durch das Wissen, die Hingabe, die Erfahrung und die Kreativit\u00e4t unseres hervorragenden Teams internationaler Fachleute erreicht F.W. Neukirch dieses Ziel Tag f\u00fcr Tag und Tausende von zufriedenen Kunden.<\/p>\n<p>Kontaktieren Sie uns heute mit Ihren Logistik-Bed\u00fcrfnissen und lassen Sie uns Ihnen die branchenweit modernste Technologie, \u00fcberlegene Service und Qualit\u00e4tsl\u00f6sungen anbieten.[\/vc_column_text][\/vc_column][\/vc_row][vc_row bg_type=&#8220;bg_color&#8220; bg_override=&#8220;ex-full&#8220; type=&#8220;vc_default&#8220; css=&#8220;.vc_custom_1553746526745{padding-top: 20px !important;padding-bottom: 70px !important;}&#8220; bg_color_value=&#8220;#ca0813&#8243;][vc_column]<div id=\"ultimate-heading-601569e0edbc449d4\" class=\"uvc-heading ult-adjust-bottom-margin ultimate-heading-601569e0edbc449d4 uvc-1452 \" data-hspacer=\"no_spacer\"  data-halign=\"center\" style=\"text-align:center\"><div class=\"uvc-heading-spacer no_spacer\" style=\"top\"><\/div><div class=\"uvc-main-heading ult-responsive\"  data-ultimate-target='.uvc-heading.ultimate-heading-601569e0edbc449d4 h2'  data-responsive-json-new='{\"font-size\":\"desktop:40px;tablet_portrait:20px;\",\"line-height\":\"desktop:46px;tablet_portrait:26px;\"}' ><h2 style=\"font-family:&#039;Open Sans Condensed&#039;;font-weight:700;color:#ffffff;margin-bottom:10px;\">Kontaktieren Sie uns f\u00fcr ein<\/h2><\/div><div class=\"uvc-sub-heading ult-responsive\"  data-ultimate-target='.uvc-heading.ultimate-heading-601569e0edbc449d4 .uvc-sub-heading '  data-responsive-json-new='{\"font-size\":\"desktop:70px;tablet_portrait:40px;\",\"line-height\":\"desktop:76px;tablet_portrait:46px;\"}'  style=\"font-family:&#039;Open Sans Condensed&#039;;font-weight:700;color:#ffffff;\">KOSTENLOSES ANGEBOT<\/div><\/div><style type=\"text\/css\" data-type=\"the7_shortcodes-inline-css\">#default-btn-588a1f80ce6bf823423a3f03b00dee05 {\n  border-radius: 0px;\n  font-size: 24px;\n  line-height: 26px;\n}\n.btn-shadow#default-btn-588a1f80ce6bf823423a3f03b00dee05 {\n  box-shadow: 0 1px 6px rgba(0,0,0,0.12);\n  transition: box-shadow 0.2s ease-out, opacity 0.45s;\n}\n.btn-shadow#default-btn-588a1f80ce6bf823423a3f03b00dee05:hover {\n  box-shadow: 0 5px 11px 0 rgba(0,0,0,0.18), 0 4px 15px 0 rgba(0,0,0,0.15);\n}\n.btn-3d#default-btn-588a1f80ce6bf823423a3f03b00dee05 {\n  box-shadow: 0px 2px 0px 0px rgba(0,0,0,0.24);\n}\n.btn-3d#default-btn-588a1f80ce6bf823423a3f03b00dee05:hover {\n  box-shadow: 0px 2px 0px 0px rgba(0,0,0,0.65);\n}\n.btn-flat#default-btn-588a1f80ce6bf823423a3f03b00dee05 {\n  box-shadow: none;\n}\n.btn-flat#default-btn-588a1f80ce6bf823423a3f03b00dee05:hover {\n  box-shadow: none;\n}\n#default-btn-588a1f80ce6bf823423a3f03b00dee05.ico-right-side > i {\n  margin-right: 0px;\n  margin-left: 8px;\n}\n#default-btn-588a1f80ce6bf823423a3f03b00dee05 > i {\n  margin-right: 8px;\n  font-size: 24px;\n}\n#default-btn-588a1f80ce6bf823423a3f03b00dee05:not(:hover) {\n  border-width: 0px;\n  background: rgba(0,0,0,0.24) !important;\n  padding: 20px 24px 20px 24px;\n}\n#default-btn-588a1f80ce6bf823423a3f03b00dee05:hover {\n  border-width: 0px;\n  background: rgba(0,0,0,0.65) !important;\n  padding: 20px 24px 20px 24px;\n}\n#default-btn-588a1f80ce6bf823423a3f03b00dee05.ico-right-side > i {\n  margin-right: 0px;\n  margin-left: 8px;\n}\n#default-btn-588a1f80ce6bf823423a3f03b00dee05 > i {\n  margin-right: 8px;\n}<\/style><div class=\"btn-align-center\"><a href=\"https:\/\/www.interglobalshipping.de\/de\/kontakt\/\" class=\"default-btn-shortcode dt-btn link-hover-off btn-flat  vc_custom_1553746598605\" id=\"default-btn-588a1f80ce6bf823423a3f03b00dee05\" style=\"width:400px;\" title=\"Kontaktanfrage\"><span>Kontaktanfrage<\/span><\/a><\/div>[\/vc_column][\/vc_row][vc_row full_width=&#8220;stretch_row&#8220; bg_type=&#8220;bg_color&#8220; type=&#8220;vc_default&#8220; margin_top=&#8220;-6&#8243; margin_bottom=&#8220;24&#8243; css=&#8220;.vc_custom_1498139160347{padding-top: 50px !important;padding-bottom: 0px !important;}&#8220; bg_color_value=&#8220;#f5f5f5&#8243;][vc_column width=&#8220;1\/2&#8243; offset=&#8220;vc_col-lg-3 vc_col-md-3&#8243; css=&#8220;.vc_custom_1495112557524{padding-bottom: 50px !important;}&#8220;]<div tabindex=\"0\" class=\"ult-new-ib ult-ib-effect-style13  ult-ib-resp   vc_custom_1504780880677\" data-min-width=\"\" data-max-width=\"\" style=\"background:#1f365c;\" data-opacity=\"0.7\" data-hover-opacity=\"0.3\" ><img decoding=\"async\" class=\"ult-new-ib-img\" style=\"opacity:0.7;\" alt=\"Seafreight_Teaser\" src=\"https:\/\/www.interglobalshipping.de\/wp-content\/uploads\/2017\/08\/Seafreight_Teaser.jpg\"   \/><div id=\"interactive-banner-wrap-5053\" class=\"ult-new-ib-desc\" style=\"\"><h2 class=\"ult-new-ib-title ult-responsive\"  data-ultimate-target='#interactive-banner-wrap-5053 .ult-new-ib-title'  data-responsive-json-new='{\"font-size\":\"desktop:26px;\",\"line-height\":\"desktop:30px;\"}'  style=\"font-weight:bold;color:#ffffff;\">SEEFRACHT<\/h2><div class=\"ult-new-ib-content ult-responsive\"  data-ultimate-target='#interactive-banner-wrap-5053 .ult-new-ib-content'  data-responsive-json-new='{\"font-size\":\"desktop:14px;\",\"line-height\":\"desktop:22px;\"}'  style=\"font-weight:bold;color:#ffffff;\"><p>weitere Details &gt;<\/p><\/div><\/div><a class=\"ult-new-ib-link\" href=\"https:\/\/www.interglobalshipping.de\/de\/leistungen\/seefracht\/\" title=\"Seefracht\"  ><\/a><\/div>[\/vc_column][vc_column width=&#8220;1\/2&#8243; offset=&#8220;vc_col-lg-3 vc_col-md-3&#8243; css=&#8220;.vc_custom_1495112563645{padding-bottom: 50px !important;}&#8220;]<div tabindex=\"0\" class=\"ult-new-ib ult-ib-effect-style13  ult-ib-resp   vc_custom_1504780903919\" data-min-width=\"\" data-max-width=\"\" style=\"background:#1f365c;\" data-opacity=\"0.7\" data-hover-opacity=\"0.3\" ><img decoding=\"async\" class=\"ult-new-ib-img\" style=\"opacity:0.7;\" alt=\"Airfreight_Teaser\" src=\"https:\/\/www.interglobalshipping.de\/wp-content\/uploads\/2017\/08\/Airfreight_Teaser.jpg\"   \/><div id=\"interactive-banner-wrap-8293\" class=\"ult-new-ib-desc\" style=\"\"><h2 class=\"ult-new-ib-title ult-responsive\"  data-ultimate-target='#interactive-banner-wrap-8293 .ult-new-ib-title'  data-responsive-json-new='{\"font-size\":\"desktop:26px;\",\"line-height\":\"desktop:30px;\"}'  style=\"font-weight:bold;color:#ffffff;\">LUFTFRACHT<\/h2><div class=\"ult-new-ib-content ult-responsive\"  data-ultimate-target='#interactive-banner-wrap-8293 .ult-new-ib-content'  data-responsive-json-new='{\"font-size\":\"desktop:14px;\",\"line-height\":\"desktop:22px;\"}'  style=\"font-weight:bold;color:#ffffff;\"><p>weitere Details &gt;<\/p><\/div><\/div><a class=\"ult-new-ib-link\" href=\"https:\/\/www.interglobalshipping.de\/de\/leistungen\/luftfracht\/\" title=\"Luftfracht\"  ><\/a><\/div>[\/vc_column][vc_column width=&#8220;1\/2&#8243; offset=&#8220;vc_col-lg-3 vc_col-md-3&#8243; css=&#8220;.vc_custom_1495112570142{padding-bottom: 50px !important;}&#8220;]<div tabindex=\"0\" class=\"ult-new-ib ult-ib-effect-style13  ult-ib-resp   vc_custom_1504780925834\" data-min-width=\"\" data-max-width=\"\" style=\"background:#1f365c;\" data-opacity=\"0.7\" data-hover-opacity=\"0.3\" ><img decoding=\"async\" class=\"ult-new-ib-img\" style=\"opacity:0.7;\" alt=\"Vehicletransport_Teaser\" src=\"https:\/\/www.interglobalshipping.de\/wp-content\/uploads\/2017\/08\/Vehicletransport_Teaser.jpg\"   \/><div id=\"interactive-banner-wrap-1122\" class=\"ult-new-ib-desc\" style=\"\"><h2 class=\"ult-new-ib-title ult-responsive\"  data-ultimate-target='#interactive-banner-wrap-1122 .ult-new-ib-title'  data-responsive-json-new='{\"font-size\":\"desktop:26px;\",\"line-height\":\"desktop:30px;\"}'  style=\"font-weight:bold;color:#ffffff;\">FAHRZEUGTRANSPORT<\/h2><div class=\"ult-new-ib-content ult-responsive\"  data-ultimate-target='#interactive-banner-wrap-1122 .ult-new-ib-content'  data-responsive-json-new='{\"font-size\":\"desktop:14px;\",\"line-height\":\"desktop:22px;\"}'  style=\"font-weight:bold;color:#ffffff;\"><p>weitere Details &gt;<\/p><\/div><\/div><a class=\"ult-new-ib-link\" href=\"https:\/\/www.interglobalshipping.de\/de\/leistungen\/fahrzeug-transport\/\" title=\"Fahrzeugtransporte\"  ><\/a><\/div>[\/vc_column][vc_column width=&#8220;1\/2&#8243; offset=&#8220;vc_col-lg-3 vc_col-md-3&#8243; css=&#8220;.vc_custom_1495112577073{padding-bottom: 50px !important;}&#8220;]<div tabindex=\"0\" class=\"ult-new-ib ult-ib-effect-style13  ult-ib-resp   vc_custom_1526717857428\" data-min-width=\"\" data-max-width=\"\" style=\"background:#1f365c;\" data-opacity=\"0.7\" data-hover-opacity=\"0.3\" ><img decoding=\"async\" class=\"ult-new-ib-img\" style=\"opacity:0.7;\" alt=\"Relocation\" src=\"https:\/\/www.interglobalshipping.de\/wp-content\/uploads\/2018\/05\/Relocation_Teaser.jpg\"   \/><div id=\"interactive-banner-wrap-7697\" class=\"ult-new-ib-desc\" style=\"\"><h2 class=\"ult-new-ib-title ult-responsive\"  data-ultimate-target='#interactive-banner-wrap-7697 .ult-new-ib-title'  data-responsive-json-new='{\"font-size\":\"desktop:26px;\",\"line-height\":\"desktop:30px;\"}'  style=\"font-weight:bold;color:#ffffff;\">UMZ\u00dcGE<\/h2><div class=\"ult-new-ib-content ult-responsive\"  data-ultimate-target='#interactive-banner-wrap-7697 .ult-new-ib-content'  data-responsive-json-new='{\"font-size\":\"desktop:14px;\",\"line-height\":\"desktop:22px;\"}'  style=\"font-weight:bold;color:#ffffff;\"><p>weitere Details &gt;<\/p><\/div><\/div><a class=\"ult-new-ib-link\" href=\"https:\/\/www.interglobalshipping.de\/de\/leistungen\/umzuege\/\" title=\"Umz\u00fcge\"  ><\/a><\/div>[\/vc_column][\/vc_row]<\/p>\n<\/div>","protected":false},"excerpt":{"rendered":"<p>[vc_row equal_height=&#8220;yes&#8220; content_placement=&#8220;middle&#8220; type=&#8220;vc_default&#8220; css=&#8220;.vc_custom_1503989200722{padding-top: 70px !important;padding-bottom: 50px !important;}&#8220;][vc_column width=&#8220;2\/3&#8243; css=&#8220;.vc_custom_1498809487981{padding-bottom: 20px !important;}&#8220; offset=&#8220;vc_col-lg-offset-0 vc_col-lg-6 vc_col-md-offset-0 vc_col-md-5 vc_col-sm-offset-2&#8243;][\/vc_column][vc_column offset=&#8220;vc_col-lg-6 vc_col-md-7&#8243; css=&#8220;.vc_custom_1498809515781{padding-bottom: 30px !important;}&#8220;][\/vc_column][\/vc_row][vc_row type=&#8220;vc_default&#8220; margin_top=&#8220;60&#8243; margin_bottom=&#8220;-40&#8243;][vc_column css=&#8220;.vc_custom_1504599040825{padding-bottom: 40px !important;}&#8220;][vc_column_text]Bei F.W. Neukirch (GmbH &amp; Co.) KG arbeiten wir im Team und erkennen individuelle Leistungen an. Wir bewegen uns schnell, um p\u00fcnktlich zu liefern, ohne dabei die&hellip;<\/p>\n","protected":false},"author":2,"featured_media":0,"parent":407,"menu_order":0,"comment_status":"closed","ping_status":"closed","template":"","meta":{"footnotes":""},"class_list":["post-411","page","type-page","status-publish","hentry","description-off"],"aioseo_notices":[],"_links":{"self":[{"href":"https:\/\/www.interglobalshipping.de\/de\/wp-json\/wp\/v2\/pages\/411","targetHints":{"allow":["GET"]}}],"collection":[{"href":"https:\/\/www.interglobalshipping.de\/de\/wp-json\/wp\/v2\/pages"}],"about":[{"href":"https:\/\/www.interglobalshipping.de\/de\/wp-json\/wp\/v2\/types\/page"}],"author":[{"embeddable":true,"href":"https:\/\/www.interglobalshipping.de\/de\/wp-json\/wp\/v2\/users\/2"}],"replies":[{"embeddable":true,"href":"https:\/\/www.interglobalshipping.de\/de\/wp-json\/wp\/v2\/comments?post=411"}],"version-history":[{"count":11,"href":"https:\/\/www.interglobalshipping.de\/de\/wp-json\/wp\/v2\/pages\/411\/revisions"}],"predecessor-version":[{"id":998,"href":"https:\/\/www.interglobalshipping.de\/de\/wp-json\/wp\/v2\/pages\/411\/revisions\/998"}],"up":[{"embeddable":true,"href":"https:\/\/www.interglobalshipping.de\/de\/wp-json\/wp\/v2\/pages\/407"}],"wp:attachment":[{"href":"https:\/\/www.interglobalshipping.de\/de\/wp-json\/wp\/v2\/media?parent=411"}],"curies":[{"name":"wp","href":"https:\/\/api.w.org\/{rel}","templated":true}]}}