{"id":431,"date":"2017-09-06T11:07:49","date_gmt":"2017-09-06T09:07:49","guid":{"rendered":"https:\/\/www.interglobalshipping.de\/?page_id=431"},"modified":"2019-03-21T14:29:22","modified_gmt":"2019-03-21T13:29:22","slug":"leistungen","status":"publish","type":"page","link":"https:\/\/www.interglobalshipping.de\/de\/leistungen\/","title":{"rendered":"Leistungen"},"content":{"rendered":"<div class=\"wpb-content-wrapper\"><p>[vc_row][vc_column]<div id=\"ultimate-heading-169769e545bc911a2\" class=\"uvc-heading ult-adjust-bottom-margin ultimate-heading-169769e545bc911a2 uvc-4019 accent-border-color\" data-hspacer=\"line_only\"  data-halign=\"center\" style=\"text-align:center\"><div class=\"uvc-main-heading ult-responsive\"  data-ultimate-target='.uvc-heading.ultimate-heading-169769e545bc911a2 h2'  data-responsive-json-new='{\"font-size\":\"desktop:40px;\",\"line-height\":\"desktop:46px;\"}' ><h2 style=\"--font-weight:theme;margin-bottom:15px;\">Unsere Leistungen f\u00fcr Sie<\/h2><\/div><div class=\"uvc-heading-spacer line_only\" style=\"margin-bottom:20px;height:5px;\"><span class=\"uvc-headings-line\" style=\"border-style:solid;border-bottom-width:5px;border-color:;width:200px;\"><\/span><\/div><\/div>[\/vc_column][\/vc_row][vc_row gap=&#8220;10&#8243;][vc_column width=&#8220;1\/2&#8243;]<div tabindex=\"0\" class=\"ult-new-ib ult-ib-effect-style13  ult-ib-resp   vc_custom_1553174900104\" data-min-width=\"768\" data-max-width=\"900\" style=\"background:#1f365c;\" data-opacity=\"0.7\" data-hover-opacity=\"0.3\" ><img decoding=\"async\" class=\"ult-new-ib-img\" style=\"opacity:0.7;\" alt=\"Seafreight_Teaser\" src=\"https:\/\/www.interglobalshipping.de\/wp-content\/uploads\/2017\/08\/Seafreight_Teaser.jpg\"   \/><div id=\"interactive-banner-wrap-5454\" class=\"ult-new-ib-desc\" style=\"\"><h2 class=\"ult-new-ib-title ult-responsive\"  data-ultimate-target='#interactive-banner-wrap-5454 .ult-new-ib-title'  data-responsive-json-new='{\"font-size\":\"desktop:26px;\",\"line-height\":\"desktop:30px;\"}'  style=\"font-weight:bold;color:#ffffff;\">SEEFRACHT<\/h2><div class=\"ult-new-ib-content ult-responsive\"  data-ultimate-target='#interactive-banner-wrap-5454 .ult-new-ib-content'  data-responsive-json-new='{\"font-size\":\"desktop:14px;\",\"line-height\":\"desktop:22px;\"}'  style=\"font-weight:normal;color:#ffffff;\"><p>Das globale Netzwerk von F.W. Neukirch B\u00fcros und Agenten erm\u00f6glicht die t\u00e4gliche Weiterleitung aller internationalen Seefracht.<\/p><\/div><\/div><a class=\"ult-new-ib-link\" href=\"https:\/\/www.interglobalshipping.de\/de\/leistungen\/seefracht\/\" title=\"Seefracht\"  ><\/a><\/div>[vc_empty_space height=&#8220;20px&#8220;]<div tabindex=\"0\" class=\"ult-new-ib ult-ib-effect-style13  ult-ib-resp   vc_custom_1553174927305\" data-min-width=\"768\" data-max-width=\"900\" style=\"background:#1f365c;\" data-opacity=\"0.7\" data-hover-opacity=\"0.3\" ><img decoding=\"async\" class=\"ult-new-ib-img\" style=\"opacity:0.7;\" alt=\"Airfreight_Teaser\" src=\"https:\/\/www.interglobalshipping.de\/wp-content\/uploads\/2017\/08\/Airfreight_Teaser.jpg\"   \/><div id=\"interactive-banner-wrap-7369\" class=\"ult-new-ib-desc\" style=\"\"><h2 class=\"ult-new-ib-title ult-responsive\"  data-ultimate-target='#interactive-banner-wrap-7369 .ult-new-ib-title'  data-responsive-json-new='{\"font-size\":\"desktop:26px;\",\"line-height\":\"desktop:30px;\"}'  style=\"font-weight:bold;color:#ffffff;\">LUFTFRACHT<\/h2><div class=\"ult-new-ib-content ult-responsive\"  data-ultimate-target='#interactive-banner-wrap-7369 .ult-new-ib-content'  data-responsive-json-new='{\"font-size\":\"desktop:14px;\",\"line-height\":\"desktop:22px;\"}'  style=\"font-weight:normal;color:#ffffff;\"><p>F.W. Neukirch GmbH &amp; Co. KG kann durch die Luftfracht alle Ihre Transportbed\u00fcrfnisse auf der ganzen Welt erf\u00fcllen.<\/p><\/div><\/div><a class=\"ult-new-ib-link\" href=\"https:\/\/www.interglobalshipping.de\/de\/leistungen\/luftfracht\/\" title=\"Luftfracht\"  ><\/a><\/div>[\/vc_column][vc_column width=&#8220;1\/2&#8243;]<div tabindex=\"0\" class=\"ult-new-ib ult-ib-effect-style13  ult-ib-resp   vc_custom_1553174913525\" data-min-width=\"768\" data-max-width=\"900\" style=\"background:#1f365c;\" data-opacity=\"0.7\" data-hover-opacity=\"0.3\" ><img decoding=\"async\" class=\"ult-new-ib-img\" style=\"opacity:0.7;\" alt=\"Vehicletransport_Teaser\" src=\"https:\/\/www.interglobalshipping.de\/wp-content\/uploads\/2017\/08\/Vehicletransport_Teaser.jpg\"   \/><div id=\"interactive-banner-wrap-3401\" class=\"ult-new-ib-desc\" style=\"\"><h2 class=\"ult-new-ib-title ult-responsive\"  data-ultimate-target='#interactive-banner-wrap-3401 .ult-new-ib-title'  data-responsive-json-new='{\"font-size\":\"desktop:26px;\",\"line-height\":\"desktop:30px;\"}'  style=\"font-weight:bold;color:#ffffff;\">FAHRZEUGTRANSPORT<\/h2><div class=\"ult-new-ib-content ult-responsive\"  data-ultimate-target='#interactive-banner-wrap-3401 .ult-new-ib-content'  data-responsive-json-new='{\"font-size\":\"desktop:14px;\",\"line-height\":\"desktop:22px;\"}'  style=\"font-weight:normal;color:#ffffff;\"><p>F.W. Neukirch GmbH ist ein anerkannter Marktf\u00fchrer im Transport von Autos, Booten, Lastwagen und schweren Ger\u00e4ten.<\/p><\/div><\/div><a class=\"ult-new-ib-link\" href=\"https:\/\/www.interglobalshipping.de\/de\/leistungen\/fahrzeug-transport\/\" title=\"Fahrzeugtransporte\"  ><\/a><\/div>[vc_empty_space height=&#8220;20px&#8220;]<div tabindex=\"0\" class=\"ult-new-ib ult-ib-effect-style13  ult-ib-resp   vc_custom_1527344398165\" data-min-width=\"768\" data-max-width=\"900\" style=\"background:#1f365c;\" data-opacity=\"0.7\" data-hover-opacity=\"0.3\" ><img decoding=\"async\" class=\"ult-new-ib-img\" style=\"opacity:0.7;\" alt=\"Relocation\" src=\"https:\/\/www.interglobalshipping.de\/wp-content\/uploads\/2018\/05\/Relocation_Teaser.jpg\"   \/><div id=\"interactive-banner-wrap-5846\" class=\"ult-new-ib-desc\" style=\"\"><h2 class=\"ult-new-ib-title ult-responsive\"  data-ultimate-target='#interactive-banner-wrap-5846 .ult-new-ib-title'  data-responsive-json-new='{\"font-size\":\"desktop:26px;\",\"line-height\":\"desktop:30px;\"}'  style=\"font-weight:bold;color:#ffffff;\">UMZ\u00dcGE<\/h2><div class=\"ult-new-ib-content ult-responsive\"  data-ultimate-target='#interactive-banner-wrap-5846 .ult-new-ib-content'  data-responsive-json-new='{\"font-size\":\"desktop:14px;\",\"line-height\":\"desktop:22px;\"}'  style=\"font-weight:normal;color:#ffffff;\"><p>Der preiswerteste Weg, um Ihren ganzen Haushalt zu bewegen ist die Nutzung eines eigenen Containers. Sie packen und laden sich ...<\/p><\/div><\/div><a class=\"ult-new-ib-link\" href=\"https:\/\/www.interglobalshipping.de\/de\/leistungen\/umzuege\/\" title=\"Umz\u00fcge\"  ><\/a><\/div>[\/vc_column][\/vc_row]<\/p>\n<\/div>","protected":false},"excerpt":{"rendered":"<p>[vc_row][vc_column][\/vc_column][\/vc_row][vc_row gap=&#8220;10&#8243;][vc_column width=&#8220;1\/2&#8243;][vc_empty_space height=&#8220;20px&#8220;][\/vc_column][vc_column width=&#8220;1\/2&#8243;][vc_empty_space height=&#8220;20px&#8220;][\/vc_column][\/vc_row]<\/p>\n","protected":false},"author":2,"featured_media":790,"parent":0,"menu_order":0,"comment_status":"closed","ping_status":"closed","template":"","meta":{"footnotes":""},"class_list":["post-431","page","type-page","status-publish","has-post-thumbnail","hentry","description-off"],"aioseo_notices":[],"_links":{"self":[{"href":"https:\/\/www.interglobalshipping.de\/de\/wp-json\/wp\/v2\/pages\/431","targetHints":{"allow":["GET"]}}],"collection":[{"href":"https:\/\/www.interglobalshipping.de\/de\/wp-json\/wp\/v2\/pages"}],"about":[{"href":"https:\/\/www.interglobalshipping.de\/de\/wp-json\/wp\/v2\/types\/page"}],"author":[{"embeddable":true,"href":"https:\/\/www.interglobalshipping.de\/de\/wp-json\/wp\/v2\/users\/2"}],"replies":[{"embeddable":true,"href":"https:\/\/www.interglobalshipping.de\/de\/wp-json\/wp\/v2\/comments?post=431"}],"version-history":[{"count":7,"href":"https:\/\/www.interglobalshipping.de\/de\/wp-json\/wp\/v2\/pages\/431\/revisions"}],"predecessor-version":[{"id":853,"href":"https:\/\/www.interglobalshipping.de\/de\/wp-json\/wp\/v2\/pages\/431\/revisions\/853"}],"wp:featuredmedia":[{"embeddable":true,"href":"https:\/\/www.interglobalshipping.de\/de\/wp-json\/wp\/v2\/media\/790"}],"wp:attachment":[{"href":"https:\/\/www.interglobalshipping.de\/de\/wp-json\/wp\/v2\/media?parent=431"}],"curies":[{"name":"wp","href":"https:\/\/api.w.org\/{rel}","templated":true}]}}