{"id":434,"date":"2017-09-07T08:20:39","date_gmt":"2017-09-07T06:20:39","guid":{"rendered":"https:\/\/www.interglobalshipping.de\/?page_id=434"},"modified":"2018-06-02T10:13:12","modified_gmt":"2018-06-02T08:13:12","slug":"fahrzeug-frachtanfrage","status":"publish","type":"page","link":"https:\/\/www.interglobalshipping.de\/de\/preisanfrage\/fahrzeug-frachtanfrage\/","title":{"rendered":"Fahrzeug-Frachtanfrage"},"content":{"rendered":"<div class=\"wpb-content-wrapper\"><p>[vc_row][vc_column][vc_column_text]<\/p>\n<h2>Angebotsformular f\u00fcr Autos, Vans, LKW, Motorr\u00e4der, Schwere G\u00fcter, etc.<\/h2>\n<p><strong>Bitte f\u00fcllen Sie die folgenden Angaben aus. Einmal eingereicht, werden wir uns mit Ihnen in Verbindung setzen und Ihnen ein unverbindliches Angebot zusenden.<\/strong>[\/vc_column_text][\/vc_column][\/vc_row][vc_row][vc_column]<script>\nvar gform;gform||(document.addEventListener(\"gform_main_scripts_loaded\",function(){gform.scriptsLoaded=!0}),document.addEventListener(\"gform\/theme\/scripts_loaded\",function(){gform.themeScriptsLoaded=!0}),window.addEventListener(\"DOMContentLoaded\",function(){gform.domLoaded=!0}),gform={domLoaded:!1,scriptsLoaded:!1,themeScriptsLoaded:!1,isFormEditor:()=>\"function\"==typeof InitializeEditor,callIfLoaded:function(o){return!(!gform.domLoaded||!gform.scriptsLoaded||!gform.themeScriptsLoaded&&!gform.isFormEditor()||(gform.isFormEditor()&&console.warn(\"The use of gform.initializeOnLoaded() is deprecated in the form editor context and will be removed in Gravity Forms 3.1.\"),o(),0))},initializeOnLoaded:function(o){gform.callIfLoaded(o)||(document.addEventListener(\"gform_main_scripts_loaded\",()=>{gform.scriptsLoaded=!0,gform.callIfLoaded(o)}),document.addEventListener(\"gform\/theme\/scripts_loaded\",()=>{gform.themeScriptsLoaded=!0,gform.callIfLoaded(o)}),window.addEventListener(\"DOMContentLoaded\",()=>{gform.domLoaded=!0,gform.callIfLoaded(o)}))},hooks:{action:{},filter:{}},addAction:function(o,r,e,t){gform.addHook(\"action\",o,r,e,t)},addFilter:function(o,r,e,t){gform.addHook(\"filter\",o,r,e,t)},doAction:function(o){gform.doHook(\"action\",o,arguments)},applyFilters:function(o){return gform.doHook(\"filter\",o,arguments)},removeAction:function(o,r){gform.removeHook(\"action\",o,r)},removeFilter:function(o,r,e){gform.removeHook(\"filter\",o,r,e)},addHook:function(o,r,e,t,n){null==gform.hooks[o][r]&&(gform.hooks[o][r]=[]);var d=gform.hooks[o][r];null==n&&(n=r+\"_\"+d.length),gform.hooks[o][r].push({tag:n,callable:e,priority:t=null==t?10:t})},doHook:function(r,o,e){var t;if(e=Array.prototype.slice.call(e,1),null!=gform.hooks[r][o]&&((o=gform.hooks[r][o]).sort(function(o,r){return o.priority-r.priority}),o.forEach(function(o){\"function\"!=typeof(t=o.callable)&&(t=window[t]),\"action\"==r?t.apply(null,e):e[0]=t.apply(null,e)})),\"filter\"==r)return e[0]},removeHook:function(o,r,t,n){var e;null!=gform.hooks[o][r]&&(e=(e=gform.hooks[o][r]).filter(function(o,r,e){return!!(null!=n&&n!=o.tag||null!=t&&t!=o.priority)}),gform.hooks[o][r]=e)}});\n<\/script>\n\n                <div class='gf_browser_gecko gform_wrapper gform_legacy_markup_wrapper gform-theme--no-framework' data-form-theme='legacy' data-form-index='0' id='gform_wrapper_1' ><form method='post' enctype='multipart\/form-data'  id='gform_1'  action='\/de\/wp-json\/wp\/v2\/pages\/434' data-formid='1' novalidate>\n                        <div class='gform-body gform_body'><ul id='gform_fields_1' class='gform_fields top_label form_sublabel_below description_below validation_below'><li id=\"field_1_1\" class=\"gfield gfield--type-section gsection field_sublabel_below gfield--no-description field_description_below field_validation_below gfield_visibility_visible\"  ><h2 class=\"gsection_title\">General<\/h2><\/li><li id=\"field_1_2\" class=\"gfield gfield--type-text gf_left_half gfield_contains_required field_sublabel_below gfield--no-description field_description_below field_validation_below gfield_visibility_visible\"  ><label class='gfield_label gform-field-label' for='input_1_2'>Contact Name<span class=\"gfield_required\"><span class=\"gfield_required gfield_required_asterisk\">*<\/span><\/span><\/label><div class='ginput_container ginput_container_text'><input name='input_2' id='input_1_2' type='text' value='' class='medium'    placeholder='Your Name' aria-required=\"true\" aria-invalid=\"false\"   \/><\/div><\/li><li id=\"field_1_3\" class=\"gfield gfield--type-email gf_right_half gfield_contains_required field_sublabel_below gfield--no-description field_description_below field_validation_below gfield_visibility_visible\"  ><label class='gfield_label gform-field-label' for='input_1_3'>E-Mail<span class=\"gfield_required\"><span class=\"gfield_required gfield_required_asterisk\">*<\/span><\/span><\/label><div class='ginput_container ginput_container_email'>\n                            <input name='input_3' id='input_1_3' type='email' value='' class='medium'    aria-required=\"true\" aria-invalid=\"false\"  \/>\n                        <\/div><\/li><li id=\"field_1_4\" class=\"gfield gfield--type-section gsection field_sublabel_below gfield--no-description field_description_below field_validation_below gfield_visibility_visible\"  ><h2 class=\"gsection_title\">Vehicle Details<\/h2><\/li><li id=\"field_1_6\" class=\"gfield gfield--type-text gf_left_half gfield_contains_required field_sublabel_below gfield--no-description field_description_below field_validation_below gfield_visibility_visible\"  ><label class='gfield_label gform-field-label' for='input_1_6'>Year<span class=\"gfield_required\"><span class=\"gfield_required gfield_required_asterisk\">*<\/span><\/span><\/label><div class='ginput_container ginput_container_text'><input name='input_6' id='input_1_6' type='text' value='' class='medium'    placeholder='Year' aria-required=\"true\" aria-invalid=\"false\"   \/><\/div><\/li><li id=\"field_1_7\" class=\"gfield gfield--type-text gf_right_half gfield_contains_required field_sublabel_below gfield--no-description field_description_below field_validation_below gfield_visibility_visible\"  ><label class='gfield_label gform-field-label' for='input_1_7'>Make<span class=\"gfield_required\"><span class=\"gfield_required gfield_required_asterisk\">*<\/span><\/span><\/label><div class='ginput_container ginput_container_text'><input name='input_7' id='input_1_7' type='text' value='' class='medium'    placeholder='Make' aria-required=\"true\" aria-invalid=\"false\"   \/><\/div><\/li><li id=\"field_1_22\" class=\"gfield gfield--type-text gf_left_half gfield_contains_required field_sublabel_below gfield--no-description field_description_below field_validation_below gfield_visibility_visible\"  ><label class='gfield_label gform-field-label' for='input_1_22'>Model<span class=\"gfield_required\"><span class=\"gfield_required gfield_required_asterisk\">*<\/span><\/span><\/label><div class='ginput_container ginput_container_text'><input name='input_22' id='input_1_22' type='text' value='' class='medium'    placeholder='Model' aria-required=\"true\" aria-invalid=\"false\"   \/><\/div><\/li><li id=\"field_1_8\" class=\"gfield gfield--type-text gf_right_half field_sublabel_below gfield--no-description field_description_below field_validation_below gfield_visibility_visible\"  ><label class='gfield_label gform-field-label' for='input_1_8'>Handling Instructions<\/label><div class='ginput_container ginput_container_text'><input name='input_8' id='input_1_8' type='text' value='' class='medium'    placeholder='Handling Instructions'  aria-invalid=\"false\"   \/><\/div><\/li><li id=\"field_1_10\" class=\"gfield gfield--type-section gsection field_sublabel_below gfield--no-description field_description_below field_validation_below gfield_visibility_visible\"  ><h2 class=\"gsection_title\">Shipping Details<\/h2><\/li><li id=\"field_1_11\" class=\"gfield gfield--type-text gf_left_half gfield_contains_required field_sublabel_below gfield--no-description field_description_below field_validation_below gfield_visibility_visible\"  ><label class='gfield_label gform-field-label' for='input_1_11'>Origin<span class=\"gfield_required\"><span class=\"gfield_required gfield_required_asterisk\">*<\/span><\/span><\/label><div class='ginput_container ginput_container_text'><input name='input_11' id='input_1_11' type='text' value='' class='medium'     aria-required=\"true\" aria-invalid=\"false\"   \/><\/div><\/li><li id=\"field_1_12\" class=\"gfield gfield--type-text gf_right_half gfield_contains_required field_sublabel_below gfield--no-description field_description_below field_validation_below gfield_visibility_visible\"  ><label class='gfield_label gform-field-label' for='input_1_12'>Destination<span class=\"gfield_required\"><span class=\"gfield_required gfield_required_asterisk\">*<\/span><\/span><\/label><div class='ginput_container ginput_container_text'><input name='input_12' id='input_1_12' type='text' value='' class='medium'     aria-required=\"true\" aria-invalid=\"false\"   \/><\/div><\/li><li id=\"field_1_13\" class=\"gfield gfield--type-radio gfield--type-choice gf_left_half field_sublabel_below gfield--no-description field_description_below field_validation_below gfield_visibility_visible\"  ><label class='gfield_label gform-field-label' >Vehicle Pick Up<\/label><div class='ginput_container ginput_container_radio'><ul class='gfield_radio' id='input_1_13'>\n\t\t\t<li class='gchoice gchoice_1_13_0'>\n\t\t\t\t<input name='input_13' type='radio' value='Yes'  id='choice_1_13_0'    \/>\n\t\t\t\t<label for='choice_1_13_0' id='label_1_13_0' class='gform-field-label gform-field-label--type-inline'>Yes<\/label>\n\t\t\t<\/li>\n\t\t\t<li class='gchoice gchoice_1_13_1'>\n\t\t\t\t<input name='input_13' type='radio' value='No'  id='choice_1_13_1'    \/>\n\t\t\t\t<label for='choice_1_13_1' id='label_1_13_1' class='gform-field-label gform-field-label--type-inline'>No<\/label>\n\t\t\t<\/li><\/ul><\/div><\/li><li id=\"field_1_14\" class=\"gfield gfield--type-text gf_right_half field_sublabel_below gfield--no-description field_description_below field_validation_below gfield_visibility_visible\"  ><label class='gfield_label gform-field-label' for='input_1_14'>Vehicle Ready Date<\/label><div class='ginput_container ginput_container_text'><input name='input_14' id='input_1_14' type='text' value='' class='medium'      aria-invalid=\"false\"   \/><\/div><\/li><li id=\"field_1_15\" class=\"gfield gfield--type-section gsection field_sublabel_below gfield--no-description field_description_below field_validation_below gfield_visibility_visible\"  ><h2 class=\"gsection_title\">Insurance<\/h2><\/li><li id=\"field_1_16\" class=\"gfield gfield--type-radio gfield--type-choice gf_left_half field_sublabel_below gfield--no-description field_description_below field_validation_below gfield_visibility_visible\"  ><label class='gfield_label gform-field-label' >Marine Insurance<\/label><div class='ginput_container ginput_container_radio'><ul class='gfield_radio' id='input_1_16'>\n\t\t\t<li class='gchoice gchoice_1_16_0'>\n\t\t\t\t<input name='input_16' type='radio' value='Yes'  id='choice_1_16_0'    \/>\n\t\t\t\t<label for='choice_1_16_0' id='label_1_16_0' class='gform-field-label gform-field-label--type-inline'>Yes<\/label>\n\t\t\t<\/li>\n\t\t\t<li class='gchoice gchoice_1_16_1'>\n\t\t\t\t<input name='input_16' type='radio' value='No'  id='choice_1_16_1'    \/>\n\t\t\t\t<label for='choice_1_16_1' id='label_1_16_1' class='gform-field-label gform-field-label--type-inline'>No<\/label>\n\t\t\t<\/li><\/ul><\/div><\/li><li id=\"field_1_17\" class=\"gfield gfield--type-text gf_right_half field_sublabel_below gfield--no-description field_description_below field_validation_below gfield_visibility_visible\"  ><label class='gfield_label gform-field-label' for='input_1_17'>Value<\/label><div class='ginput_container ginput_container_text'><input name='input_17' id='input_1_17' type='text' value='' class='medium'      aria-invalid=\"false\"   \/><\/div><\/li><li id=\"field_1_18\" class=\"gfield gfield--type-select field_sublabel_below gfield--no-description field_description_below field_validation_below gfield_visibility_visible\"  ><label class='gfield_label gform-field-label' for='input_1_18'>Currency<\/label><div class='ginput_container ginput_container_select'><select name='input_18' id='input_1_18' class='medium gfield_select'     aria-invalid=\"false\" ><option value='USD $' >USD $<\/option><option value='EUR \u20ac' >EUR \u20ac<\/option><option value='GP \u00a3' >GP \u00a3<\/option><\/select><\/div><\/li><li id=\"field_1_20\" class=\"gfield gfield--type-section gsection field_sublabel_below gfield--no-description field_description_below field_validation_below gfield_visibility_visible\"  ><h2 class=\"gsection_title\">Charges<\/h2><\/li><li id=\"field_1_19\" class=\"gfield gfield--type-radio gfield--type-choice gf_left_half field_sublabel_below gfield--no-description field_description_below field_validation_below gfield_visibility_visible\"  ><label class='gfield_label gform-field-label' >Freight Charges<\/label><div class='ginput_container ginput_container_radio'><ul class='gfield_radio' id='input_1_19'>\n\t\t\t<li class='gchoice gchoice_1_19_0'>\n\t\t\t\t<input name='input_19' type='radio' value='Prepaid'  id='choice_1_19_0'    \/>\n\t\t\t\t<label for='choice_1_19_0' id='label_1_19_0' class='gform-field-label gform-field-label--type-inline'>Prepaid<\/label>\n\t\t\t<\/li>\n\t\t\t<li class='gchoice gchoice_1_19_1'>\n\t\t\t\t<input name='input_19' type='radio' value='Collect'  id='choice_1_19_1'    \/>\n\t\t\t\t<label for='choice_1_19_1' id='label_1_19_1' class='gform-field-label gform-field-label--type-inline'>Collect<\/label>\n\t\t\t<\/li><\/ul><\/div><\/li><li id=\"field_1_21\" class=\"gfield gfield--type-textarea gf_right_half field_sublabel_below gfield--has-description field_description_below field_validation_below gfield_visibility_visible\"  ><label class='gfield_label gform-field-label' for='input_1_21'>Comments<\/label><div class='ginput_container ginput_container_textarea'><textarea name='input_21' id='input_1_21' class='textarea medium'  aria-describedby=\"gfield_description_1_21\"    aria-invalid=\"false\"   rows='10' cols='50'><\/textarea><\/div><div class='gfield_description' id='gfield_description_1_21'>Special Instructions<\/div><\/li><\/ul><\/div>\n        <div class='gform-footer gform_footer top_label'> <input type='submit' id='gform_submit_button_1' class='gform_button button' onclick='gform.submission.handleButtonClick(this);' data-submission-type='submit' value='Absenden'  \/> \n            <input type='hidden' class='gform_hidden' name='gform_submission_method' data-js='gform_submission_method_1' value='postback' \/>\n            <input type='hidden' class='gform_hidden' name='gform_theme' data-js='gform_theme_1' id='gform_theme_1' value='legacy' \/>\n            <input type='hidden' class='gform_hidden' name='gform_style_settings' data-js='gform_style_settings_1' id='gform_style_settings_1' value='[]' \/>\n            <input type='hidden' class='gform_hidden' name='is_submit_1' value='1' \/>\n            <input type='hidden' class='gform_hidden' name='gform_submit' value='1' \/>\n            \n            <input type='hidden' class='gform_hidden' name='gform_currency' data-currency='USD' value='qP0efTG+nRoGWpkf4QWFwsFDV4z+GxbBQY85c5uX7n36Mehy2MxPoD0XLh2RrYgC7g\/DbPI3APIuwvt7\/sQIVdiYpQC3X71VuAln5uPCq\/0Q3QE=' \/>\n            <input type='hidden' class='gform_hidden' name='gform_unique_id' value='' \/>\n            <input type='hidden' class='gform_hidden' name='state_1' value='WyJbXSIsImQ0NGRlNmRiNzk4ZTQxZGM0MmFmZTgyY2FiNTZkMTg1Il0=' \/>\n            <input type='hidden' autocomplete='off' class='gform_hidden' name='gform_target_page_number_1' id='gform_target_page_number_1' value='0' \/>\n            <input type='hidden' autocomplete='off' class='gform_hidden' name='gform_source_page_number_1' id='gform_source_page_number_1' value='1' \/>\n            <input type='hidden' name='gform_field_values' value='' \/>\n            \n        <\/div>\n                        <\/form>\n                        <\/div><script>\ngform.initializeOnLoaded( function() {gformInitSpinner( 1, 'https:\/\/www.interglobalshipping.de\/wp-content\/plugins\/gravityforms\/images\/spinner.svg', true );jQuery('#gform_ajax_frame_1').on('load',function(){var contents = jQuery(this).contents().find('*').html();var is_postback = contents.indexOf('GF_AJAX_POSTBACK') >= 0;if(!is_postback){return;}var form_content = jQuery(this).contents().find('#gform_wrapper_1');var is_confirmation = jQuery(this).contents().find('#gform_confirmation_wrapper_1').length > 0;var is_redirect = contents.indexOf('gformRedirect(){') >= 0;var is_form = form_content.length > 0 && ! is_redirect && ! is_confirmation;var mt = parseInt(jQuery('html').css('margin-top'), 10) + parseInt(jQuery('body').css('margin-top'), 10) + 100;if(is_form){jQuery('#gform_wrapper_1').html(form_content.html());if(form_content.hasClass('gform_validation_error')){jQuery('#gform_wrapper_1').addClass('gform_validation_error');} else {jQuery('#gform_wrapper_1').removeClass('gform_validation_error');}setTimeout( function() { \/* delay the scroll by 50 milliseconds to fix a bug in chrome *\/  }, 50 );if(window['gformInitDatepicker']) {gformInitDatepicker();}if(window['gformInitPriceFields']) {gformInitPriceFields();}var current_page = jQuery('#gform_source_page_number_1').val();gformInitSpinner( 1, 'https:\/\/www.interglobalshipping.de\/wp-content\/plugins\/gravityforms\/images\/spinner.svg', true );jQuery(document).trigger('gform_page_loaded', [1, current_page]);window['gf_submitting_1'] = false;}else if(!is_redirect){var confirmation_content = jQuery(this).contents().find('.GF_AJAX_POSTBACK').html();if(!confirmation_content){confirmation_content = contents;}jQuery('#gform_wrapper_1').replaceWith(confirmation_content);jQuery(document).trigger('gform_confirmation_loaded', [1]);window['gf_submitting_1'] = false;wp.a11y.speak(jQuery('#gform_confirmation_message_1').text());}else{jQuery('#gform_1').append(contents);if(window['gformRedirect']) {gformRedirect();}}jQuery(document).trigger(\"gform_pre_post_render\", [{ formId: \"1\", currentPage: \"current_page\", abort: function() { this.preventDefault(); } }]);        if (event && event.defaultPrevented) {                return;        }        const gformWrapperDiv = document.getElementById( \"gform_wrapper_1\" );        if ( gformWrapperDiv ) {            const visibilitySpan = document.createElement( \"span\" );            visibilitySpan.id = \"gform_visibility_test_1\";            gformWrapperDiv.insertAdjacentElement( \"afterend\", visibilitySpan );        }        const visibilityTestDiv = document.getElementById( \"gform_visibility_test_1\" );        let postRenderFired = false;        function triggerPostRender() {            if ( postRenderFired ) {                return;            }            postRenderFired = true;            gform.core.triggerPostRenderEvents( 1, current_page );            if ( visibilityTestDiv ) {                visibilityTestDiv.parentNode.removeChild( visibilityTestDiv );            }        }        function debounce( func, wait, immediate ) {            var timeout;            return function() {                var context = this, args = arguments;                var later = function() {                    timeout = null;                    if ( !immediate ) func.apply( context, args );                };                var callNow = immediate && !timeout;                clearTimeout( timeout );                timeout = setTimeout( later, wait );                if ( callNow ) func.apply( context, args );            };        }        const debouncedTriggerPostRender = debounce( function() {            triggerPostRender();        }, 200 );        if ( visibilityTestDiv && visibilityTestDiv.offsetParent === null ) {            const observer = new MutationObserver( ( mutations ) => {                mutations.forEach( ( mutation ) => {                    if ( mutation.type === 'attributes' && visibilityTestDiv.offsetParent !== null ) {                        debouncedTriggerPostRender();                        observer.disconnect();                    }                });            });            observer.observe( document.body, {                attributes: true,                childList: false,                subtree: true,                attributeFilter: [ 'style', 'class' ],            });        } else {            triggerPostRender();        }    } );} );\n<\/script>\n[\/vc_column][\/vc_row]<\/p>\n<\/div>","protected":false},"excerpt":{"rendered":"<p>[vc_row][vc_column][vc_column_text] Angebotsformular f\u00fcr Autos, Vans, LKW, Motorr\u00e4der, Schwere G\u00fcter, etc. Bitte f\u00fcllen Sie die folgenden Angaben aus. Einmal eingereicht, werden wir uns mit Ihnen in Verbindung setzen und Ihnen ein unverbindliches Angebot zusenden.[\/vc_column_text][\/vc_column][\/vc_row][vc_row][vc_column][\/vc_column][\/vc_row]<\/p>\n","protected":false},"author":2,"featured_media":0,"parent":436,"menu_order":0,"comment_status":"closed","ping_status":"closed","template":"","meta":{"footnotes":""},"class_list":["post-434","page","type-page","status-publish","hentry","description-off"],"aioseo_notices":[],"_links":{"self":[{"href":"https:\/\/www.interglobalshipping.de\/de\/wp-json\/wp\/v2\/pages\/434","targetHints":{"allow":["GET"]}}],"collection":[{"href":"https:\/\/www.interglobalshipping.de\/de\/wp-json\/wp\/v2\/pages"}],"about":[{"href":"https:\/\/www.interglobalshipping.de\/de\/wp-json\/wp\/v2\/types\/page"}],"author":[{"embeddable":true,"href":"https:\/\/www.interglobalshipping.de\/de\/wp-json\/wp\/v2\/users\/2"}],"replies":[{"embeddable":true,"href":"https:\/\/www.interglobalshipping.de\/de\/wp-json\/wp\/v2\/comments?post=434"}],"version-history":[{"count":3,"href":"https:\/\/www.interglobalshipping.de\/de\/wp-json\/wp\/v2\/pages\/434\/revisions"}],"predecessor-version":[{"id":495,"href":"https:\/\/www.interglobalshipping.de\/de\/wp-json\/wp\/v2\/pages\/434\/revisions\/495"}],"up":[{"embeddable":true,"href":"https:\/\/www.interglobalshipping.de\/de\/wp-json\/wp\/v2\/pages\/436"}],"wp:attachment":[{"href":"https:\/\/www.interglobalshipping.de\/de\/wp-json\/wp\/v2\/media?parent=434"}],"curies":[{"name":"wp","href":"https:\/\/api.w.org\/{rel}","templated":true}]}}