{"id":439,"date":"2017-09-06T11:05:35","date_gmt":"2017-09-06T09:05:35","guid":{"rendered":"https:\/\/www.interglobalshipping.de\/?page_id=439"},"modified":"2019-10-24T07:50:39","modified_gmt":"2019-10-24T05:50:39","slug":"luftfracht","status":"publish","type":"page","link":"https:\/\/www.interglobalshipping.de\/de\/leistungen\/luftfracht\/","title":{"rendered":"Luftfracht"},"content":{"rendered":"<div class=\"wpb-content-wrapper\"><p>[vc_row][vc_column][vc_single_image image=&#8220;234&#8243; img_size=&#8220;full&#8220;][\/vc_column][\/vc_row][vc_row type=&#8220;vc_default&#8220;][vc_column css=&#8220;.vc_custom_1498229431694{padding-bottom: 50px !important;}&#8220;][vc_column_text]F.W. Neukirch GmbH &amp; Co. KG kann per Luftfracht Ihre Transportbed\u00fcrfnisse auf der ganzen Welt erf\u00fcllen. Wir bewegen kleinere G\u00fcter wie Gitterboxen oder Kartons oder aber Schwerlastg\u00fcter wie Autos, LKWs, etc..<\/p>\n<p>Unsere Luftfracht-Spezialisten bieten dabei ein hohes Ma\u00df an Flexibilit\u00e4t und wettbewerbsf\u00e4higen Preisen.\u00a0Kundenzufriedenheit ist unser Ziel. Verlassen Sie sich auf uns.<\/p>\n<ul>\n<li>T\u00fcr zu T\u00fcr Service durch unsere \u00dcbersee Agenten<\/li>\n<li>Frachtabholung aus dem Lager des Absenders<\/li>\n<li>Ausfuhrabfertigung im Herkunftsland<\/li>\n<li>Abfertigung der Ladung am Entladehafen<\/li>\n<li>Transport und Lieferung vom Flughafen<\/li>\n<li>Kundenspezifische Aufgaben<\/li>\n<li>Warehousing &amp; Distribution<\/li>\n<\/ul>\n<p>Kontaktieren Sie F.W. Neukirch\u00a0mit Ihren Logistikbed\u00fcrfnissen und lassen Sie uns Ihnen die branchenweit modernste Technologie sowie \u00fcberlegene Service- und Qualit\u00e4tsl\u00f6sungen anbieten.[\/vc_column_text]<style type=\"text\/css\" data-type=\"the7_shortcodes-inline-css\">#default-btn-74df79c5603ced8e30a660467213022a {\n  border-radius: 0px;\n  font-size: 16px;\n  line-height: 18px;\n}\n.btn-shadow#default-btn-74df79c5603ced8e30a660467213022a {\n  box-shadow: 0 1px 6px rgba(0,0,0,0.12);\n  transition: box-shadow 0.2s ease-out, opacity 0.45s;\n}\n.btn-shadow#default-btn-74df79c5603ced8e30a660467213022a:hover {\n  box-shadow: 0 5px 11px 0 rgba(0,0,0,0.18), 0 4px 15px 0 rgba(0,0,0,0.15);\n}\n.btn-3d#default-btn-74df79c5603ced8e30a660467213022a:hover {\n  box-shadow: 0px 2px 0px 0px #161d28;\n}\n.btn-flat#default-btn-74df79c5603ced8e30a660467213022a {\n  box-shadow: none;\n}\n.btn-flat#default-btn-74df79c5603ced8e30a660467213022a:hover {\n  box-shadow: none;\n}\n#default-btn-74df79c5603ced8e30a660467213022a.ico-right-side > i {\n  margin-right: 0px;\n  margin-left: 8px;\n}\n#default-btn-74df79c5603ced8e30a660467213022a > i {\n  margin-right: 8px;\n  font-size: 16px;\n}\n#default-btn-74df79c5603ced8e30a660467213022a:not(:hover) {\n  border-width: 0px;\n  padding: 10px 18px 10px 16px;\n}\n#default-btn-74df79c5603ced8e30a660467213022a:hover {\n  border-width: 0px;\n  background: #20375b !important;\n  padding: 10px 18px 10px 16px;\n}\n#default-btn-74df79c5603ced8e30a660467213022a.ico-right-side > i {\n  margin-right: 0px;\n  margin-left: 8px;\n}\n#default-btn-74df79c5603ced8e30a660467213022a > i {\n  margin-right: 8px;\n}<\/style><a href=\"https:\/\/www.interglobalshipping.de\/de\/preisanfrage\/\" class=\"default-btn-shortcode dt-btn link-hover-off btn-inline-left btn-flat \" id=\"default-btn-74df79c5603ced8e30a660467213022a\" title=\"Frachtanfrage\"><span>Online Fracht Anfrage<\/span><\/a>[\/vc_column][\/vc_row]<\/p>\n<\/div>","protected":false},"excerpt":{"rendered":"<p>[vc_row][vc_column][vc_single_image image=&#8220;234&#8243; img_size=&#8220;full&#8220;][\/vc_column][\/vc_row][vc_row type=&#8220;vc_default&#8220;][vc_column css=&#8220;.vc_custom_1498229431694{padding-bottom: 50px !important;}&#8220;][vc_column_text]F.W. Neukirch GmbH &amp; Co. KG kann per Luftfracht Ihre Transportbed\u00fcrfnisse auf der ganzen Welt erf\u00fcllen. Wir bewegen kleinere G\u00fcter wie Gitterboxen oder Kartons oder aber Schwerlastg\u00fcter wie Autos, LKWs, etc.. Unsere Luftfracht-Spezialisten bieten dabei ein hohes Ma\u00df an Flexibilit\u00e4t und wettbewerbsf\u00e4higen Preisen.\u00a0Kundenzufriedenheit ist unser Ziel. Verlassen Sie sich&hellip;<\/p>\n","protected":false},"author":2,"featured_media":687,"parent":431,"menu_order":0,"comment_status":"closed","ping_status":"closed","template":"","meta":{"footnotes":""},"class_list":["post-439","page","type-page","status-publish","has-post-thumbnail","hentry","description-off"],"aioseo_notices":[],"_links":{"self":[{"href":"https:\/\/www.interglobalshipping.de\/de\/wp-json\/wp\/v2\/pages\/439","targetHints":{"allow":["GET"]}}],"collection":[{"href":"https:\/\/www.interglobalshipping.de\/de\/wp-json\/wp\/v2\/pages"}],"about":[{"href":"https:\/\/www.interglobalshipping.de\/de\/wp-json\/wp\/v2\/types\/page"}],"author":[{"embeddable":true,"href":"https:\/\/www.interglobalshipping.de\/de\/wp-json\/wp\/v2\/users\/2"}],"replies":[{"embeddable":true,"href":"https:\/\/www.interglobalshipping.de\/de\/wp-json\/wp\/v2\/comments?post=439"}],"version-history":[{"count":5,"href":"https:\/\/www.interglobalshipping.de\/de\/wp-json\/wp\/v2\/pages\/439\/revisions"}],"predecessor-version":[{"id":999,"href":"https:\/\/www.interglobalshipping.de\/de\/wp-json\/wp\/v2\/pages\/439\/revisions\/999"}],"up":[{"embeddable":true,"href":"https:\/\/www.interglobalshipping.de\/de\/wp-json\/wp\/v2\/pages\/431"}],"wp:featuredmedia":[{"embeddable":true,"href":"https:\/\/www.interglobalshipping.de\/de\/wp-json\/wp\/v2\/media\/687"}],"wp:attachment":[{"href":"https:\/\/www.interglobalshipping.de\/de\/wp-json\/wp\/v2\/media?parent=439"}],"curies":[{"name":"wp","href":"https:\/\/api.w.org\/{rel}","templated":true}]}}