{"id":464,"date":"2017-09-07T07:01:33","date_gmt":"2017-09-07T05:01:33","guid":{"rendered":"https:\/\/www.interglobalshipping.de\/?page_id=464"},"modified":"2019-10-24T07:50:39","modified_gmt":"2019-10-24T05:50:39","slug":"umzuege","status":"publish","type":"page","link":"https:\/\/www.interglobalshipping.de\/de\/leistungen\/umzuege\/","title":{"rendered":"Umz\u00fcge"},"content":{"rendered":"<div class=\"wpb-content-wrapper\"><p>[vc_row][vc_column][vc_single_image image=&#8220;568&#8243; img_size=&#8220;full&#8220;][\/vc_column][\/vc_row][vc_row][vc_column][vc_column_text]Der g\u00fcnstigste Weg um einen kompletten Haushalt zu zu bewegen, ist die Ladung in einen Frachtcontainer.Sie packen und laden den Container selbst, w\u00e4hrend wir uns um den Transport zum neuen Wohnsitz k\u00fcmmern.<\/p>\n<p>Sie k\u00f6nnen alle Haushaltswaren und pers\u00f6nliche Sachen in den Container laden und somit einen gro\u00dfen Teil in Selbstverantwortung f\u00fcr den Erfolg des Umzugs \u00fcbernehmen. So wissen Sie, dass alles ordnungsgem\u00e4\u00df verpackt wurde. Keiner wird Ihre Sachen mit mehr Sorgfalt behandeln als Sie selbst.<\/p>\n<p>F.W. Neukirch GmbH &amp; Co. KG liefert einen 20&#8243; oder 40&#8243; Fu\u00df container zu Ihnen nach Hause damit Sie stressfrei einladen k\u00f6nnen. Wir versenden den Container im Anschluss nach \u00dcbersee Zieladresse und \u00fcbernehmen die Zollabfertigung.<\/p>\n<p>Wer die Ladung nicht selbst \u00fcbernehmen m\u00f6chte, organisiert sich hier eine lokale Umzugsfirma und kann immer noch erhebliche Einsparungen genie\u00dfen.<\/p>\n<p>Vorteile:<\/p>\n<ul>\n<li>Preiswertester Transport<\/li>\n<li>Sie packen und entladen selbst<\/li>\n<li>Keine versteckten Kosten<\/li>\n<li>Exklusive Container<\/li>\n<li>T\u00fcr-zu-T\u00fcr Transport<\/li>\n<li>Kein Zwischenlager<\/li>\n<\/ul>\n<p>Wenn Sie einen Plan f\u00fcr Ihre Ladung machen, beachten Sie bitte, dass der Container auf einem Chassis steht. Die T\u00fcr\u00f6ffnung ist in etwa 4 Fu\u00df hoch. Sofern ein Container auf einer \u00f6ffentlichen Strasse abgestellt werden soll, wenden Sie sich bitte vorher an die entsprechende Gemeinde und kl\u00e4ren ab, ob eine Genehmigung daf\u00fcr erforderlich ist.<\/p>\n<p>Kontaktieren Sie F.W. Neukirch GmbH &amp; Co. KG mit Ihren Logistikbed\u00fcrfnissen und lassen Sie uns Ihnen die branchenweit modernste Technologie sowie \u00fcberlegene Service- und Qualit\u00e4tsl\u00f6sungen anbieten.[\/vc_column_text]<style type=\"text\/css\" data-type=\"the7_shortcodes-inline-css\">#default-btn-190c90191e15270453a871e46ba9c5b4 {\n  border-radius: 0px;\n  font-size: 16px;\n  line-height: 18px;\n}\n.btn-shadow#default-btn-190c90191e15270453a871e46ba9c5b4 {\n  box-shadow: 0 1px 6px rgba(0,0,0,0.12);\n  transition: box-shadow 0.2s ease-out, opacity 0.45s;\n}\n.btn-shadow#default-btn-190c90191e15270453a871e46ba9c5b4:hover {\n  box-shadow: 0 5px 11px 0 rgba(0,0,0,0.18), 0 4px 15px 0 rgba(0,0,0,0.15);\n}\n.btn-3d#default-btn-190c90191e15270453a871e46ba9c5b4:hover {\n  box-shadow: 0px 2px 0px 0px #161d28;\n}\n.btn-flat#default-btn-190c90191e15270453a871e46ba9c5b4 {\n  box-shadow: none;\n}\n.btn-flat#default-btn-190c90191e15270453a871e46ba9c5b4:hover {\n  box-shadow: none;\n}\n#default-btn-190c90191e15270453a871e46ba9c5b4.ico-right-side > i {\n  margin-right: 0px;\n  margin-left: 8px;\n}\n#default-btn-190c90191e15270453a871e46ba9c5b4 > i {\n  margin-right: 8px;\n  font-size: 16px;\n}\n#default-btn-190c90191e15270453a871e46ba9c5b4:not(:hover) {\n  border-width: 0px;\n  padding: 10px 18px 10px 16px;\n}\n#default-btn-190c90191e15270453a871e46ba9c5b4:hover {\n  border-width: 0px;\n  color: #ffffff;\n  background: #20375b !important;\n  padding: 10px 18px 10px 16px;\n}\n#default-btn-190c90191e15270453a871e46ba9c5b4:hover * {\n  color: #ffffff;\n}\n#default-btn-190c90191e15270453a871e46ba9c5b4.ico-right-side > i {\n  margin-right: 0px;\n  margin-left: 8px;\n}\n#default-btn-190c90191e15270453a871e46ba9c5b4 > i {\n  margin-right: 8px;\n}<\/style><a href=\"https:\/\/www.interglobalshipping.de\/de\/preisanfrage\/cargo-frachtanfrage\/\" class=\"default-btn-shortcode dt-btn link-hover-off btn-inline-left btn-flat \" id=\"default-btn-190c90191e15270453a871e46ba9c5b4\" title=\"Rate Request\"><span>Online Frachtanfrage<\/span><\/a>[\/vc_column][\/vc_row]<\/p>\n<\/div>","protected":false},"excerpt":{"rendered":"<p>[vc_row][vc_column][vc_single_image image=&#8220;568&#8243; img_size=&#8220;full&#8220;][\/vc_column][\/vc_row][vc_row][vc_column][vc_column_text]Der g\u00fcnstigste Weg um einen kompletten Haushalt zu zu bewegen, ist die Ladung in einen Frachtcontainer.Sie packen und laden den Container selbst, w\u00e4hrend wir uns um den Transport zum neuen Wohnsitz k\u00fcmmern. Sie k\u00f6nnen alle Haushaltswaren und pers\u00f6nliche Sachen in den Container laden und somit einen gro\u00dfen Teil in Selbstverantwortung f\u00fcr den Erfolg&hellip;<\/p>\n","protected":false},"author":2,"featured_media":694,"parent":431,"menu_order":0,"comment_status":"closed","ping_status":"closed","template":"","meta":{"footnotes":""},"class_list":["post-464","page","type-page","status-publish","has-post-thumbnail","hentry","description-off"],"aioseo_notices":[],"_links":{"self":[{"href":"https:\/\/www.interglobalshipping.de\/de\/wp-json\/wp\/v2\/pages\/464","targetHints":{"allow":["GET"]}}],"collection":[{"href":"https:\/\/www.interglobalshipping.de\/de\/wp-json\/wp\/v2\/pages"}],"about":[{"href":"https:\/\/www.interglobalshipping.de\/de\/wp-json\/wp\/v2\/types\/page"}],"author":[{"embeddable":true,"href":"https:\/\/www.interglobalshipping.de\/de\/wp-json\/wp\/v2\/users\/2"}],"replies":[{"embeddable":true,"href":"https:\/\/www.interglobalshipping.de\/de\/wp-json\/wp\/v2\/comments?post=464"}],"version-history":[{"count":7,"href":"https:\/\/www.interglobalshipping.de\/de\/wp-json\/wp\/v2\/pages\/464\/revisions"}],"predecessor-version":[{"id":1000,"href":"https:\/\/www.interglobalshipping.de\/de\/wp-json\/wp\/v2\/pages\/464\/revisions\/1000"}],"up":[{"embeddable":true,"href":"https:\/\/www.interglobalshipping.de\/de\/wp-json\/wp\/v2\/pages\/431"}],"wp:featuredmedia":[{"embeddable":true,"href":"https:\/\/www.interglobalshipping.de\/de\/wp-json\/wp\/v2\/media\/694"}],"wp:attachment":[{"href":"https:\/\/www.interglobalshipping.de\/de\/wp-json\/wp\/v2\/media?parent=464"}],"curies":[{"name":"wp","href":"https:\/\/api.w.org\/{rel}","templated":true}]}}