{"id":468,"date":"2017-09-07T07:37:24","date_gmt":"2017-09-07T05:37:24","guid":{"rendered":"https:\/\/www.interglobalshipping.de\/?page_id=468"},"modified":"2019-10-24T07:50:39","modified_gmt":"2019-10-24T05:50:39","slug":"fahrzeug-transport","status":"publish","type":"page","link":"https:\/\/www.interglobalshipping.de\/de\/leistungen\/fahrzeug-transport\/","title":{"rendered":"Fahrzeug Transport"},"content":{"rendered":"<div class=\"wpb-content-wrapper\"><p>[vc_row][vc_column][vc_single_image image=&#8220;71&#8243; img_size=&#8220;full&#8220; alignment=&#8220;center&#8220; image_hovers=&#8220;false&#8220;][\/vc_column][\/vc_row][vc_row type=&#8220;vc_default&#8220;][vc_column css=&#8220;.vc_custom_1498229431694{padding-bottom: 50px !important;}&#8220;][vc_column_text]F.W. Neukirch GmbH &amp; Co. KG geh\u00f6rt zu den f\u00fchrenden Unternehmen im Transport von Autos, Booten, Lastwagen und schweren G\u00fctern. Unsere erfahrenen Fachleute stehen Ihnen zur Verf\u00fcgung, um die richtige Ausr\u00fcstung f\u00fcr das Fahrzeug zu w\u00e4hlen. Sie k\u00f6nnen Ihr Fahrzeug mit speziellen Autotr\u00e4ger-Schiffen (RO\/RO) versenden oder sie innerhalb eines Versandcontainers verschiffen.[\/vc_column_text][\/vc_column][\/vc_row][vc_row][vc_column][vc_tabs][vc_tab title=&#8220;Containertransporte&#8220; tab_id=&#8220;cf59dd32-88b3-7&#8243;][vc_column_text]<\/p>\n<h2>Transport im Container<\/h2>\n<p>Die individuellste und sicherste Art Ihr Fahrzeug zu verschiffen, ist die Lagerung in einem eigenen Container. Dabei wird das Fahrzeug in den Container gefahren und im Container mit Halteriemen und Keilen gesichert. Der Container bleibt im Anschluss fest verschlossen und wird erst nach dem Erreichen des Zilelandes ge\u00f6ffnet.<\/p>\n<h2>Teil-Ladung im Container<\/h2>\n<p>Durch hohe Frachtfrequenz k\u00f6nnen wir auch Zuladungen in bereits gebuchten Containern zwischen mehreren Standorten wie USA, Niederlande oder Deutschland organisieren. Ihr Fahrzeug wird in diesem Fall mit einem anderen Fahrzeug geladen. Hier k\u00f6nnen Sie Frachtkosten sparen und diese mit anderen teilen. Die Container werden unter anderem mit anderen G\u00fctern voll beladen.<\/p>\n<h3>Hinweis:<\/h3>\n<p>Wenn Ihr Fahrzeug in einem Container verschickt wird, k\u00f6nnen Sie Kartons mit pers\u00f6nlichen Sachen und Haushaltswaren im Fahrzeug oder im Kofferraum ohne zus\u00e4tzliche Kosten zuladen. Wenn Ihr Fahrzeug mit dem RO\/RO Service versendet werden soll, muss das Fahrzeug leer sein![\/vc_column_text][\/vc_tab][vc_tab title=&#8220;Roll on Roll off&#8220; tab_id=&#8220;9395679a-3424-2&#8243;][vc_column_text]<\/p>\n<h2>Von Autos bis zum Flugzeug<\/h2>\n<p>Roll-On, Roll-Off , auch als RO\/RO bekannt, ist durch eine Innovation aus F\u00e4hrschiffen entstanden. Dies hat die Farhrzeug-Transportindustrie weltweit revolutioniert. RO\/RO Schiffe k\u00f6nnen eine Vielzahl von rollender und nicht rollender Ladung wie etwa Autos, Lastkraftwagen, Busse, Baumaschinen sowie Projektfracht tragen. Die Fahrzeuge werden dabei auf das Schiff gefahren und im Zielhafen wieder hinaus gefahren (RO\/RO)<\/p>\n<p>Diese Schiffe werden von den meisten Automobilherstellern genutzt, um weltweit neue Fahrzeuge auszuliefern. Die Autos sind in geschlossenen Autodecks gesch\u00fctzt und werden durch Halteriemen und Keile gesichert. Die Frachtfrequenz liegt hier bei ein bis zwei Fahrten pro Monat und hat manchmal eine etwas l\u00e4ngere Laufzeit als ein Containerschiff, bietet daf\u00fcr aber eine Kostenersparnis auf einigen Strecken.<\/p>\n<p>&nbsp;<\/p>\n<h3>Hinweis:<\/h3>\n<p>Sofern Sie ihr Fahrzeug mit dem RO\/RO Service verschicken wollen, muss das Fahrzeug komplett leer sein. Es d\u00fcrfen keine Kartons mit Haushaltswaren oder anderen G\u00fctern im Fahrzeug vorhanden sein.<\/p>\n<p>Diese Art von Transport eigenen sich f\u00fcr:<\/p>\n<ul>\n<li>Eigene Fahrzeuge (POV)<\/li>\n<li>LKW<\/li>\n<li>Busse<\/li>\n<li>Boote und Yachten<\/li>\n<li>Trailer<\/li>\n<li>Bauausr\u00fcstung<\/li>\n<li>Traktoren<\/li>\n<li>Sondertransporte<\/li>\n<\/ul>\n<p>[\/vc_column_text][\/vc_tab][vc_tab title=&#8220;Boot Transporte&#8220; tab_id=&#8220;1504091250368-2-5&#8243;][vc_column_text]<\/p>\n<h2>Transport von Booten<\/h2>\n<p>F\u00fcr den Transport von Booten wird am h\u00e4ufigsten der RO\/RO Service in Anspruch genommen. Die Botte werden von professionellen Mitarbeitern auf speziellen Ger\u00e4ten bewegt, damit sie ihren Platz auf dem Schiff einnehmen k\u00f6nnen. Die Boote werden auf einem der unteren Decks geladen und dort mit speziellen Werkzeugen gesichert. Wenn das Schiff im Bestimmungshafen angekommen ist, wird es auf die gleiche Weise entladen.<\/p>\n<p>&nbsp;<\/p>\n<p>Interglobal Shipping bietet folgende Leistungen f\u00fcr die Bootverschiffung an:<\/p>\n<ul>\n<li>Verschiffung von kleinen Booten<\/li>\n<li>Verschiffung von gro\u00dfen Yachten<\/li>\n<li>Inland Transport<\/li>\n<li>Cradle Service<\/li>\n<\/ul>\n<p>[\/vc_column_text][\/vc_tab][\/vc_tabs][\/vc_column][\/vc_row][vc_row][vc_column width=&#8220;1\/2&#8243;]<style type=\"text\/css\" data-type=\"the7_shortcodes-inline-css\">#default-btn-98483727b4a4021fb8397645bebdeea2 {\n  border-radius: 0px;\n  font-size: 16px;\n  line-height: 18px;\n}\n.btn-shadow#default-btn-98483727b4a4021fb8397645bebdeea2 {\n  box-shadow: 0 1px 6px rgba(0,0,0,0.12);\n  transition: box-shadow 0.2s ease-out, opacity 0.45s;\n}\n.btn-shadow#default-btn-98483727b4a4021fb8397645bebdeea2:hover {\n  box-shadow: 0 5px 11px 0 rgba(0,0,0,0.18), 0 4px 15px 0 rgba(0,0,0,0.15);\n}\n.btn-3d#default-btn-98483727b4a4021fb8397645bebdeea2:hover {\n  box-shadow: 0px 2px 0px 0px #161d28;\n}\n.btn-flat#default-btn-98483727b4a4021fb8397645bebdeea2 {\n  box-shadow: none;\n}\n.btn-flat#default-btn-98483727b4a4021fb8397645bebdeea2:hover {\n  box-shadow: none;\n}\n#default-btn-98483727b4a4021fb8397645bebdeea2.ico-right-side > i {\n  margin-right: 0px;\n  margin-left: 8px;\n}\n#default-btn-98483727b4a4021fb8397645bebdeea2 > i {\n  margin-right: 8px;\n  font-size: 16px;\n}\n#default-btn-98483727b4a4021fb8397645bebdeea2:not(:hover) {\n  border-width: 0px;\n  padding: 10px 18px 10px 16px;\n}\n#default-btn-98483727b4a4021fb8397645bebdeea2:hover {\n  border-width: 0px;\n  color: #ffffff;\n  background: #20375b !important;\n  padding: 10px 18px 10px 16px;\n}\n#default-btn-98483727b4a4021fb8397645bebdeea2:hover * {\n  color: #ffffff;\n}\n#default-btn-98483727b4a4021fb8397645bebdeea2.ico-right-side > i {\n  margin-right: 0px;\n  margin-left: 8px;\n}\n#default-btn-98483727b4a4021fb8397645bebdeea2 > i {\n  margin-right: 8px;\n}<\/style><a href=\"https:\/\/www.interglobalshipping.de\/de\/preisanfrage\/\" class=\"default-btn-shortcode dt-btn link-hover-off btn-inline-left btn-flat \" id=\"default-btn-98483727b4a4021fb8397645bebdeea2\"><span>Online Frachtanfrage<\/span><\/a>[\/vc_column][vc_column width=&#8220;1\/2&#8243;]<style type=\"text\/css\" data-type=\"the7_shortcodes-inline-css\">#default-btn-df6230bcaf47276f8e407cf34a015dff {\n  border-radius: 0px;\n  font-size: 16px;\n  line-height: 18px;\n}\n.btn-shadow#default-btn-df6230bcaf47276f8e407cf34a015dff {\n  box-shadow: 0 1px 6px rgba(0,0,0,0.12);\n  transition: box-shadow 0.2s ease-out, opacity 0.45s;\n}\n.btn-shadow#default-btn-df6230bcaf47276f8e407cf34a015dff:hover {\n  box-shadow: 0 5px 11px 0 rgba(0,0,0,0.18), 0 4px 15px 0 rgba(0,0,0,0.15);\n}\n.btn-3d#default-btn-df6230bcaf47276f8e407cf34a015dff:hover {\n  box-shadow: 0px 2px 0px 0px #161d28;\n}\n.btn-flat#default-btn-df6230bcaf47276f8e407cf34a015dff {\n  box-shadow: none;\n}\n.btn-flat#default-btn-df6230bcaf47276f8e407cf34a015dff:hover {\n  box-shadow: none;\n}\n#default-btn-df6230bcaf47276f8e407cf34a015dff.ico-right-side > i {\n  margin-right: 0px;\n  margin-left: 8px;\n}\n#default-btn-df6230bcaf47276f8e407cf34a015dff > i {\n  margin-right: 8px;\n  font-size: 16px;\n}\n#default-btn-df6230bcaf47276f8e407cf34a015dff:not(:hover) {\n  border-width: 0px;\n  padding: 10px 18px 10px 16px;\n}\n#default-btn-df6230bcaf47276f8e407cf34a015dff:hover {\n  border-width: 0px;\n  color: #ffffff;\n  background: #20375b !important;\n  padding: 10px 18px 10px 16px;\n}\n#default-btn-df6230bcaf47276f8e407cf34a015dff:hover * {\n  color: #ffffff;\n}\n#default-btn-df6230bcaf47276f8e407cf34a015dff.ico-right-side > i {\n  margin-right: 0px;\n  margin-left: 8px;\n}\n#default-btn-df6230bcaf47276f8e407cf34a015dff > i {\n  margin-right: 8px;\n}<\/style><a href=\"https:\/\/www.interglobalshipping.de\/de\/preisanfrage\/fahrzeug-frachtanfrage\/\" class=\"default-btn-shortcode dt-btn link-hover-off btn-inline-left btn-flat \" id=\"default-btn-df6230bcaf47276f8e407cf34a015dff\"><span>Online Buchungsanfrage<\/span><\/a>[\/vc_column][\/vc_row]<\/p>\n<\/div>","protected":false},"excerpt":{"rendered":"<p>[vc_row][vc_column][vc_single_image image=&#8220;71&#8243; img_size=&#8220;full&#8220; alignment=&#8220;center&#8220; image_hovers=&#8220;false&#8220;][\/vc_column][\/vc_row][vc_row type=&#8220;vc_default&#8220;][vc_column css=&#8220;.vc_custom_1498229431694{padding-bottom: 50px !important;}&#8220;][vc_column_text]F.W. Neukirch GmbH &amp; Co. KG geh\u00f6rt zu den f\u00fchrenden Unternehmen im Transport von Autos, Booten, Lastwagen und schweren G\u00fctern. Unsere erfahrenen Fachleute stehen Ihnen zur Verf\u00fcgung, um die richtige Ausr\u00fcstung f\u00fcr das Fahrzeug zu w\u00e4hlen. Sie k\u00f6nnen Ihr Fahrzeug mit speziellen Autotr\u00e4ger-Schiffen (RO\/RO) versenden oder sie&hellip;<\/p>\n","protected":false},"author":2,"featured_media":684,"parent":431,"menu_order":0,"comment_status":"closed","ping_status":"closed","template":"","meta":{"footnotes":""},"class_list":["post-468","page","type-page","status-publish","has-post-thumbnail","hentry","description-off"],"aioseo_notices":[],"_links":{"self":[{"href":"https:\/\/www.interglobalshipping.de\/de\/wp-json\/wp\/v2\/pages\/468","targetHints":{"allow":["GET"]}}],"collection":[{"href":"https:\/\/www.interglobalshipping.de\/de\/wp-json\/wp\/v2\/pages"}],"about":[{"href":"https:\/\/www.interglobalshipping.de\/de\/wp-json\/wp\/v2\/types\/page"}],"author":[{"embeddable":true,"href":"https:\/\/www.interglobalshipping.de\/de\/wp-json\/wp\/v2\/users\/2"}],"replies":[{"embeddable":true,"href":"https:\/\/www.interglobalshipping.de\/de\/wp-json\/wp\/v2\/comments?post=468"}],"version-history":[{"count":7,"href":"https:\/\/www.interglobalshipping.de\/de\/wp-json\/wp\/v2\/pages\/468\/revisions"}],"predecessor-version":[{"id":1001,"href":"https:\/\/www.interglobalshipping.de\/de\/wp-json\/wp\/v2\/pages\/468\/revisions\/1001"}],"up":[{"embeddable":true,"href":"https:\/\/www.interglobalshipping.de\/de\/wp-json\/wp\/v2\/pages\/431"}],"wp:featuredmedia":[{"embeddable":true,"href":"https:\/\/www.interglobalshipping.de\/de\/wp-json\/wp\/v2\/media\/684"}],"wp:attachment":[{"href":"https:\/\/www.interglobalshipping.de\/de\/wp-json\/wp\/v2\/media?parent=468"}],"curies":[{"name":"wp","href":"https:\/\/api.w.org\/{rel}","templated":true}]}}