{"id":508,"date":"2017-09-07T10:26:37","date_gmt":"2017-09-07T08:26:37","guid":{"rendered":"https:\/\/www.interglobalshipping.de\/?page_id=508"},"modified":"2025-07-01T20:46:26","modified_gmt":"2025-07-01T18:46:26","slug":"impressum","status":"publish","type":"page","link":"https:\/\/www.interglobalshipping.de\/de\/impressum\/","title":{"rendered":"Impressum"},"content":{"rendered":"<div class=\"wpb-content-wrapper\"><p>[vc_row][vc_column][vc_column_text css=&#8220;&#8220;]<\/p>\n<h3>F.W. Neukirch (GmbH &amp; Co.) KG<\/h3>\n<p>Zum Panrepel 37<br \/>\nD-28307 Bremen<br \/>\nPostfach 44 87 80<br \/>\nD-28287 Bremen<\/p>\n<p>Telefon: +49 (0) 421 \/ 48 94 &#8211; 0<br \/>\nFax: +49 (0) 421 \/ 48 94-179<\/p>\n<p>E-Mail: fwn@neukirch.de<\/p>\n<h3>Sitz der Gesellschaft<\/h3>\n<p>Bremen, Handelsregister Bremen HRA 16864<\/p>\n<h3>Pers\u00f6nlich haftende Gesellschafterin<\/h3>\n<p>Neukirch Verwaltungs-GmbH HRB No 27672 HB<br \/>\nGesch\u00e4ftsf\u00fchrer: Martin Schl\u00f6mp<br \/>\nF.W. Neukirch (GmbH &amp; Co.) KG ist Mitglied der Handelskammer Bremen, Am Markt 13, D-28195 Bremen<br \/>\nErf\u00fcllungsort ist Bremen<br \/>\nGerichtsstand f\u00fcr beide Teile Bremen<br \/>\nUst.-Ident-Nr.: DE114530573<br \/>\nSteuer-Nr.: 60\/170\/02749<\/p>\n<h3>Aufsichtsbeh\u00f6rde<\/h3>\n<p>Bundesamt f\u00fcr G\u00fcterverkehr<br \/>\nWerderstra\u00dfe 34<br \/>\n50672 K\u00f6ln<\/p>\n<h3>Genehmigungsbeh\u00f6rde<\/h3>\n<p>Freie Hansestadt Bremen<br \/>\nDer Senator f\u00fcr Umwelt, Bau, Verkehr und Europa<br \/>\nAnsgaritorstra\u00dfe 2<br \/>\n28195 Bremen<\/p>\n<h3>Datenschutzbeauftragter<\/h3>\n<p>Hubit Datenschutz GmbH &amp; Co.KG<br \/>\nRalf Lohmann<br \/>\nBergiusstrasse 4<br \/>\n28816 Stuhr<\/p>\n<p>Fon: 0421-36490577<br \/>\nEmail: info@hubit.de<br \/>\nWeb: www.hubit.de<\/p>\n<h3>Copyright<\/h3>\n<p>Die grafischen Elemente und Fotos dieser Homepage unterliegen dem Urheberrecht und d\u00fcrfen\u00a0nicht kopiert oder f\u00fcr andere Zwecke benutzt werden.<\/p>\n<p><strong>Fotos von Fotolia:<\/strong><\/p>\n<p><b>Seefracht<\/b><br \/>\nContainer Port in Hong Kong | Urheber:\u00a0<a href=\"https:\/\/de.fotolia.com\/p\/203168540\" rel=\"nofollow\">\u00a9 leeyiutung<br \/>\n<\/a>Container Terminal &#8211; Hamburg | Urheber:\u00a0<a href=\"https:\/\/de.fotolia.com\/p\/200617661\" rel=\"nofollow\">\u00a9 M. Johannsen<br \/>\n<\/a>Large cargo ship being loaded in a port | Urheber:\u00a0<a href=\"https:\/\/de.fotolia.com\/p\/282997\" rel=\"nofollow\">\u00a9 Igor Groshev<\/a><\/p>\n<p><b>Luftfracht<br \/>\n<\/b>loading cargo |\u00a0Urheber:\u00a0<a href=\"https:\/\/de.fotolia.com\/p\/204378471\" rel=\"nofollow\">\u00a9 mariakraynova<br \/>\n<\/a>Worker loading aircraft | Urheber:\u00a0<a href=\"https:\/\/de.fotolia.com\/p\/200738985\" rel=\"nofollow\">\u00a9 Laif Andersen<\/a><\/p>\n<p><b>Intermodale Transporte<br \/>\n<\/b>forklift handling container box loading to truck at dock | Urheber:\u00a0<a href=\"https:\/\/de.fotolia.com\/p\/204202541\" rel=\"nofollow\">\u00a9 ake1150<br \/>\n<\/a>Shore crane loading containers in freight ship | Urheber:\u00a0<a href=\"https:\/\/de.fotolia.com\/p\/204202541\" rel=\"nofollow\">\u00a9 ake1150<\/a><\/p>\n<p><b>Im Slider \/Startseite<\/b><br \/>\nContainerhafen Hamburg | Urheber: <a href=\"https:\/\/de.fotolia.com\/p\/201083082\" rel=\"nofollow\">\u00a9 Kara<\/a><\/p>\n<h3>Webdesign<\/h3>\n<p><a href=\"https:\/\/www.wpfabrik.com\/\" target=\"_blank\" rel=\"noopener noreferrer nofollow\">www.wpfabrik.com<\/a><\/p>\n<h3>Haftungshinweis<\/h3>\n<p>Wir erkl\u00e4ren hiermit ausdr\u00fccklich, dass zum Zeitpunkt der Linksetzung die entsprechenden\u00a0verlinkten\/verkn\u00fcpften Seiten frei von illegalen Inhalten waren. Auf die aktuelle und zuk\u00fcnftige Gestaltung, die Inhalte oder die Urheberschaft der gelinkten\/verkn\u00fcpften Seiten haben wir keinerlei Einfluss. Deshalb distanzieren wir uns hiermit ausdr\u00fccklich von allen Inhalten aller gelinkten\/verkn\u00fcpften Seiten, die nach der Linksetzung ver\u00e4ndert wurden.\u00a0Sollten wir davon Kenntnis erhalten, dass die Inhalte gegen geltendes Recht versto\u00dfen,\u00a0werden die entsprechenden Links umgehend entfernt.[\/vc_column_text][\/vc_column][\/vc_row]<\/p>\n<\/div>","protected":false},"excerpt":{"rendered":"<p>[vc_row][vc_column][vc_column_text css=&#8220;&#8220;] F.W. Neukirch (GmbH &amp; Co.) KG Zum Panrepel 37 D-28307 Bremen Postfach 44 87 80 D-28287 Bremen Telefon: +49 (0) 421 \/ 48 94 &#8211; 0 Fax: +49 (0) 421 \/ 48 94-179 E-Mail: fwn@neukirch.de Sitz der Gesellschaft Bremen, Handelsregister Bremen HRA 16864 Pers\u00f6nlich haftende Gesellschafterin Neukirch Verwaltungs-GmbH HRB No 27672 HB Gesch\u00e4ftsf\u00fchrer:&hellip;<\/p>\n","protected":false},"author":2,"featured_media":0,"parent":0,"menu_order":0,"comment_status":"closed","ping_status":"closed","template":"","meta":{"footnotes":""},"class_list":["post-508","page","type-page","status-publish","hentry","description-off"],"aioseo_notices":[],"_links":{"self":[{"href":"https:\/\/www.interglobalshipping.de\/de\/wp-json\/wp\/v2\/pages\/508","targetHints":{"allow":["GET"]}}],"collection":[{"href":"https:\/\/www.interglobalshipping.de\/de\/wp-json\/wp\/v2\/pages"}],"about":[{"href":"https:\/\/www.interglobalshipping.de\/de\/wp-json\/wp\/v2\/types\/page"}],"author":[{"embeddable":true,"href":"https:\/\/www.interglobalshipping.de\/de\/wp-json\/wp\/v2\/users\/2"}],"replies":[{"embeddable":true,"href":"https:\/\/www.interglobalshipping.de\/de\/wp-json\/wp\/v2\/comments?post=508"}],"version-history":[{"count":8,"href":"https:\/\/www.interglobalshipping.de\/de\/wp-json\/wp\/v2\/pages\/508\/revisions"}],"predecessor-version":[{"id":1262,"href":"https:\/\/www.interglobalshipping.de\/de\/wp-json\/wp\/v2\/pages\/508\/revisions\/1262"}],"wp:attachment":[{"href":"https:\/\/www.interglobalshipping.de\/de\/wp-json\/wp\/v2\/media?parent=508"}],"curies":[{"name":"wp","href":"https:\/\/api.w.org\/{rel}","templated":true}]}}