{"id":510,"date":"2017-09-07T10:28:08","date_gmt":"2017-09-07T08:28:08","guid":{"rendered":"https:\/\/www.interglobalshipping.de\/?page_id=510"},"modified":"2019-03-28T05:36:11","modified_gmt":"2019-03-28T04:36:11","slug":"datenschutz","status":"publish","type":"page","link":"https:\/\/www.interglobalshipping.de\/de\/datenschutz\/","title":{"rendered":"Datenschutz"},"content":{"rendered":"<div class=\"wpb-content-wrapper\"><p>[vc_row][vc_column][vc_column_text]Wir nehmen den Schutz Ihrer pers\u00f6nlichen Daten sehr ernst. Wir behandeln Ihre personenbezogenen Daten vertraulich und entsprechend der gesetzlichen Datenschutzvorschriften sowie dieser Datenschutzerkl\u00e4rung.<\/p>\n<p>Die Nutzung unserer Webseite ist in der Regel ohne Angabe personenbezogener Daten m\u00f6glich. Soweit auf unseren Seiten personenbezogene Daten (beispielsweise Name, Anschrift oder E-Mail-Adressen) erhoben werden, erfolgt dies, soweit m\u00f6glich, stets auf freiwilliger Basis. Diese Daten werden ohne Ihre ausdr\u00fcckliche Zustimmung nicht an Dritte weitergegeben. Wir weisen darauf hin, dass die Daten\u00fcbertragung im Internet (z.B. bei der Kommunikation per E-Mail) Sicherheitsl\u00fccken aufweisen kann. Ein l\u00fcckenloser Schutz der Daten vor dem Zugriff durch Dritte ist nicht m\u00f6glich.<\/p>\n<h2>EINLEITUNG<\/h2>\n<p>Bei jedem Webseitenbesuch erfolgt eine elektronische Datenverarbeitung. Auf dieser Seite erkl\u00e4ren wir Ihnen welche Daten wie verarbeitet werden.<\/p>\n<h2>VERANTWORTLICHE STELLE (VERANTWORTLICHER)<\/h2>\n<p>F.W. Neukirch GmbH &amp; Co. KG<br \/>\nZum Panrepel 37<br \/>\n28307 Bremen<br \/>\nKontaktdaten: siehe Impressum<\/p>\n<h2>DATENSCHUTZBEAUFTRAGTER<\/h2>\n<p>Ralf Lohmann<br \/>\n&#8211; externer &amp; gepr\u00fcfter Datenschutzbeauftragter &#8211;<\/p>\n<p>HUBIT Datenschutz GmbH &amp; Co.KG<br \/>\nBergiusstrasse 4<br \/>\n28816 Stuhr<\/p>\n<p>Email: <a href=\"mailto:info@hubit.de\" rel=\"nofollow\">info@hubit.de<\/a><br \/>\nWebseite: <a title=\"Datenschutzbeauftragter HUBIT Bremen\" href=\"https:\/\/www.hubit.de\/\" rel=\"nofollow\">www.hubit-datenschutz.de<\/a><br \/>\nDatenschutz-Telefon: 0421-89830294<a rel=\"nofollow\" name=\"allgemeine_information_datenschutz\"><\/a><\/p>\n<h2>ALLGEMEINE INFORMATIONEN ZUM DATENSCHUTZ<\/h2>\n<p><strong>Datenverarbeitung bei Webseitenaufrufen<\/strong><\/p>\n<p>Bei dem Aufruf einer Webseite werden automatisch eine Vielzahl von Daten &#8211; auch personenbezogene Daten &#8211; \u00fcber das Internet \u00fcbertragen. Dies ist aus technischer Sicht erforderlich, damit der Webseitenaufruf \u00fcberhaupt funktioniert und auch um Ihnen das bestm\u00f6gliche Ergebnis liefern zu k\u00f6nnen.<\/p>\n<p>Immer wenn Sie zum Beispiel eine Webseite aufrufen, ein Bild von einem Server abgerufen wird, ein externes Plugin (oder Skript) geladen oder ein Video gestreamt wird oder eine der vielen anderen \u00dc\u00a0 bertragungsm\u00f6glichkeiten genutzt wird, werden von Ihrem Rechner Daten an den Server gesendet, von dem Sie diese abrufen. Bei dem Aufruf einer Webseite sendet Ihr Browser (z.B. Firefox, Internet Explorer, Edge, Opera, Safari) automatisch bestimmte Informationen von Ihrem System. Diese Daten sind beispielsweise:<\/p>\n<ul>\n<li>Webseite von der aus die Webseite oder eine Datei (Bild, Skript, Video) aufgerufen bzw. in der die Datei eingebunden ist (Referer)<\/li>\n<li>Betriebssystem<\/li>\n<li>Bildschirmaufl\u00f6sung<\/li>\n<li>Tastaturlayout (Sprache)<\/li>\n<li>IP-Adresse von der aus die Webseite bzw. Datei aufgerufen wurde<\/li>\n<li>Name der aufgerufenen Webseite bzw. Datei<\/li>\n<li>Zeitstempel (Datum und Uhrzeit) des Aufrufs<\/li>\n<li>Name des Browsers und seine Version<\/li>\n<li>\u00fcbertragene Datenmenge<\/li>\n<li>Zugriffsstatus (Datei \u00fcbertragen, Fehlercode)<\/li>\n<\/ul>\n<p>Diese Daten werden von jedem Server protokolliert. Die Protokollierung erfolgt beispielsweise zur<\/p>\n<ul>\n<li>Wahrung und \u00dcberpr\u00fcfung der IT-Sicherheit (z.B. zur Erkennung von Hackerangriffen) und IT-Betrieb<\/li>\n<li>statistische Auswertung (\u00fcber die Nutzung der Webseite)<\/li>\n<li>Verbesserung der Webseite<\/li>\n<li>angepassten Ausgabe der Webseite oder Dateien, so dass diese optimiert auf Ihrem Endger\u00e4t angezeigt werden (k\u00f6nnen)<\/li>\n<\/ul>\n<p>F\u00fcr Sicherheitsprotokolle wird keine Pseudonymisierung oder Anonymisierung eingesetzt, da dann kein R\u00fcckschluss auf potenzielle Angreifer m\u00f6glich w\u00e4re. In der Regel erfolgt die Auswertung der Daten f\u00fcr andere Zwecke anonymisiert und es wird auch keine Profilbildung betrieben. Weitere Informationen finden Sie im weiteren Verlauf dieser Datenschutzerkl\u00e4rung.<\/p>\n<p><strong>Betroffene Person<\/strong><\/p>\n<p>Die &#8222;Betroffene Person&#8220; (auch &#8222;Betroffener&#8220; genannt), ist die Person deren personenbezogene Daten erhoben und verarbeitet werden. Im Folgenden ist die &#8222;Betroffene Person&#8220; auch als &#8222;Webseitenbesucher&#8220; oder &#8222;User&#8220; benannt.<\/p>\n<p><strong>Informationen zu Betroffenenrechten<\/strong><\/p>\n<p>Jeder Betroffene kann gegen\u00fcber dem Verantwortlichen seine Rechte (Betroffenenrechte) geltend machen. Dies kann als Email, per Post oder ein bereitgestelltes Formular erfolgen. Auch telefonische Anfragen sind m\u00f6glich. Jedoch werden telefonische Anfragen nur angenommen und nicht am Telefon beantwortet. Der Verantwortliche w\u00e4hlt das Medium (Post, Email, sonstige Medien) aus und schickt dem Betroffenen \u00fcber dieses Medium die Antwort auf seine Anfrage. Die Antworten auf Anfragen zu den Betroffenenrechten erfolgt kostenlos. Bei \u00fcberm\u00e4\u00dfiger Aus\u00fcbung (z.B. starke H\u00e4ufung) der Betroffenenrechte kann eine Geb\u00fchr erhoben werden. Die Antwort erfolgt innerhalb der gesetzlichen Frist von einem Monat. Die Frist kann in Ausnahmef\u00e4llen verl\u00e4ngert werden (z.B. hohe Anzahl von Anfragen oder hohe Komplexit\u00e4t der Anfrage). Die Fristverl\u00e4ngerung ist zu begr\u00fcnden.Im Folgenden sind die Betroffenenrechte aufgef\u00fchrt. Der \u00dcbersicht halber haben wir die Betroffenenrechte stichpunktartig notiert. Hinter jeder Aufz\u00e4hlung finden Sie einen Link zu ausf\u00fchrlichen Erkl\u00e4rungen (auf den Seiten von HUBIT-Datenschutz).<\/p>\n<ul>\n<li><a title=\"Recht auf Auskunft; EU DSGVO Betroffenenrechte Datenschutz\" href=\"https:\/\/www.hubit.de\/betroffenenrecht-eu-datenschutzgrundverordnung-eu-dsgvo\/#recht_auskunft\" target=\"_blank\" rel=\"noopener nofollow noreferrer\">Auskunftsrecht<\/a><\/li>\n<li><a title=\"Recht auf Berichtigung; EU DSGVO Betroffenenrechte Datenschutz\" href=\"https:\/\/www.hubit.de\/betroffenenrecht-eu-datenschutzgrundverordnung-eu-dsgvo\/#recht_berichtigung\" target=\"_blank\" rel=\"noopener nofollow noreferrer\">Recht auf Berichtigung<\/a><\/li>\n<li><a title=\"Recht auf L\u00f6schung; EU DSGVO Betroffenenrechte Datenschutz\" href=\"https:\/\/www.hubit.de\/betroffenenrecht-eu-datenschutzgrundverordnung-eu-dsgvo\/#recht_loeschung\" target=\"_blank\" rel=\"noopener nofollow noreferrer\">Recht auf L\u00f6schung<\/a><\/li>\n<li><a title=\"Einschr\u00e4nkung der Verarbeitung; EU DSGVO Betroffenenrechte Datenschutz\" href=\"https:\/\/www.hubit.de\/betroffenenrecht-eu-datenschutzgrundverordnung-eu-dsgvo\/#recht_einschraenkung\" target=\"_blank\" rel=\"noopener nofollow noreferrer\">Einschr\u00e4nkung der Verarbeitung<\/a><\/li>\n<li><a title=\"Recht auf Daten\u00fcbertragbarkeit; EU DSGVO Betroffenenrechte Datenschutz\" href=\"https:\/\/www.hubit.de\/betroffenenrecht-eu-datenschutzgrundverordnung-eu-dsgvo\/#recht_datenuebertragbarkeit\" target=\"_blank\" rel=\"noopener nofollow noreferrer\">Recht auf Daten\u00fcbertragbarkeit<\/a><\/li>\n<li><a title=\"Widerruf der Einwilligung; EU DSGVO Betroffenenrechte Datenschutz\" href=\"https:\/\/www.hubit.de\/betroffenenrecht-eu-datenschutzgrundverordnung-eu-dsgvo\/#recht_widerruf\" target=\"_blank\" rel=\"noopener nofollow noreferrer\">Widerruf der Einwilligung<\/a><\/li>\n<li><a title=\"Widerspruchsrecht; EU DSGVO Betroffenenrechte Datenschutz\" href=\"https:\/\/www.hubit.de\/betroffenenrecht-eu-datenschutzgrundverordnung-eu-dsgvo\/#recht_widerspruch\" target=\"_blank\" rel=\"noopener nofollow noreferrer\">Widerspruchsrecht<\/a><\/li>\n<li><a title=\"Beschwerderecht; EU DSGVO Betroffenenrechte Datenschutz\" href=\"https:\/\/www.hubit.de\/betroffenenrecht-eu-datenschutzgrundverordnung-eu-dsgvo\/#recht_beschwerde\" target=\"_blank\" rel=\"noopener nofollow noreferrer\">Beschwerderecht<\/a><\/li>\n<\/ul>\n<p>Der Betroffene muss sich gegen\u00fcber dem Verantwortlichen authentifizieren, damit sichergestellt ist, dass er zur Aus\u00fcbung der Betroffenenrechte legitimiert ist.<\/p>\n<p>Auf der Seite von HUBIT-Datenschutz finden Sie ein Formular, \u00fcber welches Sie Ihre Betroffenenrechte bei uns aus\u00fcben k\u00f6nnen.<\/p>\n<p><a title=\"Formular zur Aus\u00fcbung von Betroffenenrechten\" href=\"https:\/\/www.hubit.de\/formular-fuer-betroffenenrechte\/\" target=\"_blank\" rel=\"noopener nofollow noreferrer\">Formular zur Aus\u00fcbung von Betroffenenrechten<\/a><\/p>\n<h2>COOKIES<\/h2>\n<p>Wir nutzen Session-Cookies. Diese werden automatisch gel\u00f6scht, wenn Sie Ihren Browser schlie\u00dfen. Wir setzen permanente Cookies ein. Diese bleiben gespeichert, bis ihr Ablaufdatum erreicht wurde.<\/p>\n<p>Sie haben die M\u00f6glichkeit, dass Sie Cookies \u00fcber die Einstellung in Ihrem Browser l\u00f6schen. Auf der Seite von <a title=\"Cookies l\u00f6schen\" href=\"https:\/\/www.hubit.de\/was-sind-cookies-wofuer-sind-cookies-wie-kann-ich-cookies-loeschen\/\" target=\"_blank\" rel=\"noopener nofollow noreferrer\">HUBIT Datenschutz<\/a> finden Sie weitere Informatinen zu Cookies und wie Sie diese l\u00f6schen k\u00f6nnen.<a rel=\"nofollow\" name=\"verschlusselungderwebseite\"><\/a><\/p>\n<h2>VERSCHL\u00dcSSELUNG DER WEBSEITE<\/h2>\n<p>Alle Webseiten werden unverschl\u00fcsselt \u00fcbertragen.<a rel=\"nofollow\" name=\"formulare\"><\/a><\/p>\n<h2>FORMULARE<a rel=\"nofollow\" name=\"newsletter\"><\/a><\/h2>\n<p><strong>Newsletter<\/strong><\/p>\n<p>Wir versenden keinen Newsletter aufgrund des Verkaufs von Waren oder Dienstleistungen. Sie haben die M\u00f6glichkeit, auf unserer Webseite einen kostenlosen Newsletter zu abonnieren. Mit der Anmeldung werden die Daten aus dem Anmeldeformular uns elektronisch \u00fcbermittelt. Im Rahmen der Verarbeitung werden die Daten nicht an Dritte weitergegeben. Die Daten werden f\u00fcr die Bearbeitung Ihrer Anfrage genutzt.Die Rechtsgrundlage f\u00fcr die Datenverarbeitung mit Einwilligung ist Art. 6 Abs. 1 lit. a DSGVO.<br \/>\nDie Verarbeitung der personenbezogenen Daten aus dem Newsletter-Formular dient uns allein der Zustellung des von Ihnen gew\u00fcnschten Newsletters. Sonstige Daten, die im Zuge der Anmeldung erhoben werden, dienen dem Schutz vor Missbrauch der Dienste oder der genutzten Emailadresse.<\/p>\n<p>Die L\u00f6schung der Daten erfolgt, wenn diese nicht mehr f\u00fcr die Erreichung des Erhebungszweckes ben\u00f6tigt werden. Demzufolge werden die Daten f\u00fcr die Dauer des Abonnements gespeichert. Sp\u00e4testens 14 Tage nach Ablauf des Abonnements werden die Daten gel\u00f6scht.<a rel=\"nofollow\" name=\"statistiktools\"><\/a><\/p>\n<h2>STATISTIK-TOOLS<\/h2>\n<p>Wir haben auf den Einsatz von Statistik-Tools verzichtet.<a rel=\"nofollow\" name=\"googlemaps\"><\/a><\/p>\n<p><strong>Google-Maps<\/strong><\/p>\n<p>Auf unserer Webseite haben wir das Kartensystem von Google-Maps eingebunden. Das Kartensystem ist interaktiv und bietet Ihnen viele M\u00f6glichkeiten und Karten-Funktionen.<\/p>\n<p>Mit dem Aufruf des Kartendienstes, damit dieser angezeigt werden kann, werden von Ihrem Browser Informationen an den Anbieter des Kartendienstes gesendet. Dies sind die gleichen Daten, die auch beim Aufruf einer Webseite oder eine Datei vom Browser \u00fcbermittelt werden (siehe: <a href=\"http:\/\/www.neukirch.de\/privacy-policy\/#allgemeine_information_datenschutz\" rel=\"nofollow\">Allgemeine Informationen<\/a>). Die Daten\u00fcbermittlung ist unabh\u00e4ngig davon, ob Sie ein Google-Konto haben oder in diesem eingeloggt sind. Wenn Sie eingeloggt sind, k\u00f6nnen die Daten durch Google mit Ihrem Nutzerkonto verkn\u00fcpft bzw. zugeordnet werden.<\/p>\n<p>Die Rechtsgrundlage f\u00fcr den Einsatz von Google Maps ist Art. 6 Abs. 1 S. 1 lit. f DSGVO.<br \/>\nGoogle ist dem EU-Privacy-Shield beigetreten (<a href=\"https:\/\/www.privacyshield.gov\/EU-US-Framework\" target=\"blank\" rel=\"nofollow noopener noreferrer\">https:\/\/www.privacyshield.gov\/EU-US-Framework<\/a>).<\/p>\n<p>Google speichert die Daten und nutzt diese f\u00fcr die Verbesserung ihrer Dienste, f\u00fcr Werbung und ggf. f\u00fcr Marktforschung. Die genauen Zwecke der Datenverarbeitung und detaillierte Informationen zum Datenschutz finden Sie auf den Webseiten von Google (siehe: Widerspruch und Beseitigungsm\u00f6glichkeiten).<\/p>\n<p>Siehe: Widerspruchs- und Beseitigungsm\u00f6glichkeiten<\/p>\n<p>Wenn Sie nicht w\u00fcnschen, dass die Informationen mit Ihrem Google-Konto verkn\u00fcpft bzw. diesem zugeordnet werden, loggen Sie sich zuvor aus dem Google-Konto aus.<br \/>\nBitte beachten Sie auch die Informationen, die Google zur Datenverarbeitung und zum Datenschutz bereitstellt.<br \/>\nDatenschutzerkl\u00e4rung von Google: <a href=\"https:\/\/policies.google.com\/privacy\" target=\"blank\" rel=\"nofollow noopener noreferrer\">https:\/\/policies.google.com\/privacy<\/a><br \/>\nErkl\u00e4rung: Kontrolle \u00fcber Privatsph\u00e4re: <a href=\"https:\/\/privacy.google.com\/take-control.html?categories_activeEl=sign-in\" target=\"blank\" rel=\"nofollow noopener noreferrer\">https:\/\/privacy.google.com\/take-control.html?categories_activeEl=sign-in<br \/>\n<\/a>Privatsph\u00e4re-Check von Google: <a href=\"https:\/\/myaccount.google.com\/intro\/privacycheckup\" target=\"blank\" rel=\"nofollow noopener noreferrer\">https:\/\/myaccount.google.com\/intro\/privacycheckup<\/a><br \/>\nErkl\u00e4rung zu Datenschutz bei Google: <a href=\"https:\/\/privacy.google.com\/\" target=\"blank\" rel=\"nofollow noopener noreferrer\">https:\/\/privacy.google.com\/<\/a>#<br \/>\nErkl\u00e4rung, welche Daten erfasst und verwendet werden: <a href=\"https:\/\/privacy.google.com\/your-data.html\" target=\"blank\" rel=\"nofollow noopener noreferrer\">https:\/\/privacy.google.com\/your-data.html<\/a><a rel=\"nofollow\" name=\"weiteredatenverarbeitungen\"><\/a><\/p>\n<h2>WEITERE DATENVERARBEITUNGEN<a rel=\"nofollow\" name=\"googlewebfonts\"><\/a><\/h2>\n<p><strong>Google Webfonts<\/strong><\/p>\n<p>Wir setzen Webfonts (Schriftarten) von Google ein. Mit Hilfe dieser Schriftarten haben sie mit jedem Ger\u00e4t die optimale Darstellung der Schriften.<\/p>\n<p>Weitere Informationen zu Umfang und Zweck der Datenverarbeitung bei Google sowie Widerspruchs- und Beseitigungsm\u00f6glichkeiten finden Sie auf den folgenden Webseiten von Google:<br \/>\nWenn Sie nicht w\u00fcnschen, dass die Informationen mit Ihrem Google-Konto verkn\u00fcpft bzw. diesem zugeordnet werden, loggen Sie sich zuvor aus dem Google-Konto aus.<br \/>\nDatenschutzerkl\u00e4rung von Google: <a href=\"https:\/\/policies.google.com\/privacy\" target=\"blank\" rel=\"nofollow noopener noreferrer\">https:\/\/policies.google.com\/privacy<\/a><br \/>\nErkl\u00e4rung: Kontrolle \u00fcber Privatsph\u00e4re: <a href=\"https:\/\/privacy.google.com\/take-control.html?categories_activeEl=sign-in\" target=\"blank\" rel=\"nofollow noopener noreferrer\">https:\/\/privacy.google.com\/take-control.html?categories_activeEl=sign-in<\/a><br \/>\nPrivatsph\u00e4re-Check von Google: <a href=\"https:\/\/myaccount.google.com\/intro\/privacycheckup\" target=\"blank\" rel=\"nofollow noopener noreferrer\">https:\/\/myaccount.google.com\/intro\/privacycheckup<\/a><br \/>\nErkl\u00e4rung zu Datenschutz bei Google: <a href=\"https:\/\/privacy.google.com\/\" target=\"blank\" rel=\"nofollow noopener noreferrer\">https:\/\/privacy.google.com\/<\/a>#<br \/>\nErkl\u00e4rung, welche Daten erfasst und verwendet werden: <a href=\"https:\/\/privacy.google.com\/your-data.html\" target=\"blank\" rel=\"nofollow noopener noreferrer\">https:\/\/privacy.google.com\/your-data.html<\/a><\/p>\n<h2>SONSTIGES<\/h2>\n<p>\u00dcber die Archivfunktion von Suchmaschinen sind die Daten zudem h\u00e4ufig auch dann noch abrufbar, wenn die Angaben aus den oben genannten Internet-Angeboten bereits entfernt oder ge\u00e4ndert wurden.<\/p>\n<p>Bei Fragen wenden Sie sich bitte per E-Mail an <a href=\"mailto:fwn@neukirch.de\" rel=\"nofollow\">fwn@neukirch.de<\/a><\/p>\n<p>Datenschutzerkl\u00e4rung wurde erstellt durch <a href=\"https:\/\/www.hubit.de\/\" rel=\"nofollow\">HUBIT-Datenschutz.<\/a>[\/vc_column_text][\/vc_column][\/vc_row]<\/p>\n<\/div>","protected":false},"excerpt":{"rendered":"<p>[vc_row][vc_column][vc_column_text]Wir nehmen den Schutz Ihrer pers\u00f6nlichen Daten sehr ernst. Wir behandeln Ihre personenbezogenen Daten vertraulich und entsprechend der gesetzlichen Datenschutzvorschriften sowie dieser Datenschutzerkl\u00e4rung. Die Nutzung unserer Webseite ist in der Regel ohne Angabe personenbezogener Daten m\u00f6glich. Soweit auf unseren Seiten personenbezogene Daten (beispielsweise Name, Anschrift oder E-Mail-Adressen) erhoben werden, erfolgt dies, soweit m\u00f6glich, stets auf&hellip;<\/p>\n","protected":false},"author":2,"featured_media":0,"parent":0,"menu_order":0,"comment_status":"closed","ping_status":"closed","template":"","meta":{"footnotes":""},"class_list":["post-510","page","type-page","status-publish","hentry","description-off"],"aioseo_notices":[],"_links":{"self":[{"href":"https:\/\/www.interglobalshipping.de\/de\/wp-json\/wp\/v2\/pages\/510","targetHints":{"allow":["GET"]}}],"collection":[{"href":"https:\/\/www.interglobalshipping.de\/de\/wp-json\/wp\/v2\/pages"}],"about":[{"href":"https:\/\/www.interglobalshipping.de\/de\/wp-json\/wp\/v2\/types\/page"}],"author":[{"embeddable":true,"href":"https:\/\/www.interglobalshipping.de\/de\/wp-json\/wp\/v2\/users\/2"}],"replies":[{"embeddable":true,"href":"https:\/\/www.interglobalshipping.de\/de\/wp-json\/wp\/v2\/comments?post=510"}],"version-history":[{"count":6,"href":"https:\/\/www.interglobalshipping.de\/de\/wp-json\/wp\/v2\/pages\/510\/revisions"}],"predecessor-version":[{"id":944,"href":"https:\/\/www.interglobalshipping.de\/de\/wp-json\/wp\/v2\/pages\/510\/revisions\/944"}],"wp:attachment":[{"href":"https:\/\/www.interglobalshipping.de\/de\/wp-json\/wp\/v2\/media?parent=510"}],"curies":[{"name":"wp","href":"https:\/\/api.w.org\/{rel}","templated":true}]}}