{"id":668,"date":"2018-05-30T11:50:46","date_gmt":"2018-05-30T09:50:46","guid":{"rendered":"https:\/\/www.interglobalshipping.de\/?page_id=668"},"modified":"2018-06-17T07:41:20","modified_gmt":"2018-06-17T05:41:20","slug":"cookie-richtlinie","status":"publish","type":"page","link":"https:\/\/www.interglobalshipping.de\/de\/cookie-richtlinie\/","title":{"rendered":"Cookie Richtlinie"},"content":{"rendered":"<div class=\"wpb-content-wrapper\"><p>[vc_row row_type=&#8220;row&#8220; use_row_as_full_screen_section=&#8220;no&#8220; type=&#8220;full_width&#8220; text_align=&#8220;left&#8220; background_animation=&#8220;none&#8220;][vc_column][vc_column_text]<\/p>\n<h1>Unsere Cookie Richtlinie<\/h1>\n<p>[\/vc_column_text][vc_empty_space][vc_column_text]<\/p>\n<h3>\u00dcber Cookies<\/h3>\n<p>Ein Cookie ist ein kleiner Datensatz, die der Browser auf der Festplatte Ihres Computers speichert. Bei jedem Besuch von Ihnen auf unserer Website sendet Ihr Browser die Cookies an uns zur\u00fcck. Durch diese Funktion k\u00f6nnen wir Ihnen Inhalte individuell zustellen und Anmeldepr\u00e4ferenzen anbieten. Weitere information \u00fcber Cookies erhalten Sie hier: <a href=\"http:\/\/www.allaboutcookies.org\/\" target=\"_blank\" rel=\"noopener\">http:\/\/www.allaboutcookies.org\/<\/a>[\/vc_column_text][vc_empty_space][\/vc_column][\/vc_row][vc_row row_type=&#8220;row&#8220; use_row_as_full_screen_section=&#8220;no&#8220; type=&#8220;full_width&#8220; text_align=&#8220;left&#8220; background_animation=&#8220;none&#8220;][vc_column][vc_column_text]<\/p>\n<h4>Diese Website nutzt die folgenden Cookies:<\/h4>\n<p>[\/vc_column_text][vc_empty_space height=&#8220;20px&#8220;][vc_column_text]<\/p>\n<table style=\"height: auto; border-color: #dedede; background-color: #f2f2f2; font-size: 16px; line-height: 18px;\" border=\"1\" width=\"100%\" cellpadding=\"10\">\n<tbody>\n<tr style=\"background-color: #232323; border-color: #232323;\">\n<td width=\"65\"><span style=\"color: #ffffff;\"><strong>Cookie<\/strong><\/span><\/td>\n<td width=\"153\"><span style=\"color: #ffffff;\"><strong>Name<\/strong><\/span><\/td>\n<td width=\"242\"><span style=\"color: #ffffff;\"><strong>Zweck<\/strong><\/span><\/td>\n<\/tr>\n<tr>\n<td style=\"text-align: left;\" width=\"65\">Cookie Einstellungen<\/td>\n<td style=\"text-align: left;\" width=\"153\">\u00a0moove_gdpr_popup<\/td>\n<td style=\"text-align: left;\" width=\"242\">Wenn dieses Cookie aktiviert ist, sind Sie in der Lage, Ihre Cookie Einstellungen zu speichern.<\/td>\n<\/tr>\n<tr>\n<td style=\"text-align: left;\" width=\"65\">Google Analytics<\/td>\n<td style=\"text-align: left;\" width=\"153\">_ga &amp; _gid<\/td>\n<td style=\"text-align: left;\" width=\"242\">\n<p>Wenn dieses Cookie aktiviert ist wird es genutzt, um Besucherinformationen auf unserer Website erhalten. Wir nutzen diese Informationen unsere Services zu verbessern. Diese Cookies erfassen Daten in anonymisierter Form, inklusive Anzahl der Besucher sowie Nutzeraktionen..<\/p>\n<p>Detaillierte Informationen zu dem Google Analytics Cookie erfahren Sie hier:<\/p>\n<p><a href=\"https:\/\/developers.google.com\/analytics\/devguides\/collection\/analyticsjs\/cookie-usage\" target=\"_blank\" rel=\"noopener\">An explanation of Cookies &amp; Google Analytics<\/a><br \/>\n<a href=\"https:\/\/tools.google.com\/dlpage\/gaoptout\" target=\"_blank\" rel=\"noopener\">Find out more about opting out of Google Analytics across all websites<\/a><br \/>\n<a href=\"https:\/\/support.google.com\/analytics\/answer\/6004245\" target=\"_blank\" rel=\"noopener\">Review the Google Analytics privacy &amp; security policy<\/a><\/td>\n<\/tr>\n<tr>\n<td style=\"text-align: left;\" width=\"65\">WPML<\/td>\n<td style=\"text-align: left;\" width=\"153\">wpm, _icl*<\/td>\n<td style=\"text-align: left;\" width=\"242\">Wenn diese Cookies aktiviert sind, sind wir in der Lage, die Webseite in Ihrer bevorzugten Sprache darzustellen.<\/td>\n<\/tr>\n<\/tbody>\n<\/table>\n<p>[\/vc_column_text][vc_empty_space][\/vc_column][\/vc_row][vc_row row_type=&#8220;row&#8220; use_row_as_full_screen_section=&#8220;no&#8220; type=&#8220;full_width&#8220; text_align=&#8220;left&#8220; background_animation=&#8220;none&#8220;][vc_column][vc_column_text]<\/p>\n<h3>Cookie Einstellungen<\/h3>\n<p>Sie k\u00f6nnen die Cookie Einstellungen auf dieser Website jederzeit in den <a href=\"#moove_gdpr_cookie_modal\">Einstellungen<\/a> \u00e4ndern.[\/vc_column_text][vc_empty_space][vc_column_text]<\/p>\n<h3>Was passiert wenn Cookies deaktiviert sind?<\/h3>\n<p>Wenn Sie Cookies abgelehnt haben oder l\u00f6schen, sind wir m\u00f6glicherweise nicht mehr in der Lage, Ihre benutzerdefinierten Einstellungen wiederherzustellen und k\u00f6nnen somit Ihr Nutzerelebnis nur begrenzt anpassen.<\/p>\n<p>Hier erfahren Sie, wie Sie die Einstellungen in den folgenden Browsern \u00e4ndern k\u00f6nnen:<\/p>\n<ul>\n<li><a href=\"https:\/\/support.apple.com\/kb\/PH21411?viewlocale=de_DE&amp;locale=de_DE\" target=\"_blank\" rel=\"noopener\">Safari<\/a><\/li>\n<li><a href=\"https:\/\/support.mozilla.org\/de\/kb\/cookies-erlauben-und-ablehnen\" target=\"_blank\" rel=\"noopener\">Firefox<\/a><\/li>\n<li><a href=\"https:\/\/support.microsoft.com\/de-de\/help\/17442\/windows-internet-explorer-delete-manage-cookies\" target=\"_blank\" rel=\"noopener\">Internet Explorer<\/a><\/li>\n<li><a href=\"https:\/\/support.google.com\/chrome\/answer\/95647?co=GENIE.Platform%3DDesktop&amp;hl=de\" target=\"_blank\" rel=\"noopener\">Google Chrome<\/a><\/li>\n<\/ul>\n<p>[\/vc_column_text][vc_empty_space][\/vc_column][\/vc_row]<\/p>\n<\/div>","protected":false},"excerpt":{"rendered":"<p>[vc_row row_type=&#8220;row&#8220; use_row_as_full_screen_section=&#8220;no&#8220; type=&#8220;full_width&#8220; text_align=&#8220;left&#8220; background_animation=&#8220;none&#8220;][vc_column][vc_column_text] Unsere Cookie Richtlinie [\/vc_column_text][vc_empty_space][vc_column_text] \u00dcber Cookies Ein Cookie ist ein kleiner Datensatz, die der Browser auf der Festplatte Ihres Computers speichert. Bei jedem Besuch von Ihnen auf unserer Website sendet Ihr Browser die Cookies an uns zur\u00fcck. Durch diese Funktion k\u00f6nnen wir Ihnen Inhalte individuell zustellen und Anmeldepr\u00e4ferenzen anbieten.&hellip;<\/p>\n","protected":false},"author":2,"featured_media":0,"parent":0,"menu_order":0,"comment_status":"closed","ping_status":"closed","template":"","meta":{"footnotes":""},"class_list":["post-668","page","type-page","status-publish","hentry","description-off"],"aioseo_notices":[],"_links":{"self":[{"href":"https:\/\/www.interglobalshipping.de\/de\/wp-json\/wp\/v2\/pages\/668","targetHints":{"allow":["GET"]}}],"collection":[{"href":"https:\/\/www.interglobalshipping.de\/de\/wp-json\/wp\/v2\/pages"}],"about":[{"href":"https:\/\/www.interglobalshipping.de\/de\/wp-json\/wp\/v2\/types\/page"}],"author":[{"embeddable":true,"href":"https:\/\/www.interglobalshipping.de\/de\/wp-json\/wp\/v2\/users\/2"}],"replies":[{"embeddable":true,"href":"https:\/\/www.interglobalshipping.de\/de\/wp-json\/wp\/v2\/comments?post=668"}],"version-history":[{"count":4,"href":"https:\/\/www.interglobalshipping.de\/de\/wp-json\/wp\/v2\/pages\/668\/revisions"}],"predecessor-version":[{"id":705,"href":"https:\/\/www.interglobalshipping.de\/de\/wp-json\/wp\/v2\/pages\/668\/revisions\/705"}],"wp:attachment":[{"href":"https:\/\/www.interglobalshipping.de\/de\/wp-json\/wp\/v2\/media?parent=668"}],"curies":[{"name":"wp","href":"https:\/\/api.w.org\/{rel}","templated":true}]}}